{"id":10110,"date":"2024-04-26T13:48:46","date_gmt":"2024-04-26T13:48:46","guid":{"rendered":"https:\/\/beyond-dna.at\/?post_type=product&#038;p=10110"},"modified":"2025-03-06T13:31:54","modified_gmt":"2025-03-06T13:31:54","slug":"cell-power-shot","status":"publish","type":"product","link":"https:\/\/beyond-dna.at\/en\/produkt\/cell-power-shot\/","title":{"rendered":"Cell Power Shot (vegan)"},"content":{"rendered":"<h5>Mit zunehmendem Alter verlangsamt sich die Zellregeneration!<\/h5>\n<p>Eine ausgewogene Versorgung mit den richtigen Vitaminen und Spurenelementen kann der Schl\u00fcssel zur notwendigen Zellteilung und -regeneration sein. Unsere hochwertigen Inhaltsstoffe bieten genau das, was Ihre Zellen ben\u00f6tigen, um sich optimal zu erneuern und zu regenerieren. Investieren Sie in Ihre Gesundheit und Vitalit\u00e4t!<\/p>\n<p><strong>JETZT BESTELLEN!<\/strong><\/p>\n<h5>Der Alterungsprozess ist unvermeidlich, aber Sie k\u00f6nnen ihn mit der richtigen Unterst\u00fctzung herausz\u00f6gern!<\/h5>\n<p>Unser Cell Power Shot ist mit den richtigen Antioxidantien und Wirkstoffen angereichert, die die Reparaturmechanismen Ihrer Zellen aktivieren und dazu beitragen k\u00f6nnen, oxidativen Stress zu bek\u00e4mpfen. G\u00f6nnen Sie Ihrem K\u00f6rper die Unterst\u00fctzung, die er im hektischen Alltag ben\u00f6tigt, um Stress abzubauen und seine nat\u00fcrliche Zellregeneration zu f\u00f6rdern. Unsere Inhaltsstoffe spielen eine entscheidende Rolle bei zahlreichen Stoffwechselprozessen zur Zellerneuerung und k\u00f6nnen zus\u00e4tzlich Ihre Energieniveaus steigern.<\/p>\n<p>Nutzen Sie die innovative Formel unseres Zellverj\u00fcngungsprodukts, die darauf abzielt, Ihre Haut strahlender und jugendlicher aussehen zu lassen. Unsere Kombination an Inhaltsstoffen kann dazu beitragen, die Zellgesundheit zu verbessern und die Zeichen der Hautalterung zu reduzieren. G\u00f6nnen Sie sich den Luxus einer effektiven Zellverj\u00fcngung!<\/p>\n<p>Der Cell Power Shot vereint alle diese wichtigen Aspekte und ist zudem:<\/p>\n<p>&#8211; Vegan<br \/>\n&#8211; Laktosefrei<br \/>\n&#8211; Glutenfrei<br \/>\n&#8211; Zuckerfrei<br \/>\n&#8211; Ohne k\u00fcnstliche Farb- und F\u00fcllstoffe<br \/>\n&#8211;\u00a0Ohne Tierversuche<br \/>\n&#8211; Nach den strengsten \u00f6sterreichischen Qualit\u00e4tsstandards durch ISO-Zertifizierungen<\/p>\n<p><strong>JETZT BESTELLEN!<\/strong><\/p>\n<p>Erfahren Sie mehr \u00fcber die optimale Ern\u00e4hrung nach Ihrer individuellen Genetik. Hier klicken -&gt; <a style=\"font-family: Arial, sans-serif; font-size: 15px;\" href=\"https:\/\/beyond-dna.at\/produkt\/beyond-dna-nutrition\/\">Beyond DNA Nutrition<\/a><span style=\"color: #868686; font-size: 15px;\">.<\/span><\/p>\n<p style=\"text-align: center;\">Ihre Gesundheit ist uns wichtig, und das m\u00f6chten wir betonen: Vitamine sind kein Ersatz f\u00fcr eine ausgewogene und abwechslungsreiche Ern\u00e4hrung und einen gesunden Lebensstil.<\/p>\n","protected":false},"excerpt":{"rendered":"<div class=\"flex-1 overflow-hidden\">\n<div class=\"react-scroll-to-bottom--css-ansdf-79elbk h-full\">\n<div class=\"react-scroll-to-bottom--css-ansdf-1n7m0yu\">\n<div class=\"flex flex-col text-sm pb-9\">\n<div class=\"w-full text-token-text-primary\" dir=\"auto\" data-testid=\"conversation-turn-347\">\n<div class=\"px-4 py-2 justify-center text-base md:gap-6 m-auto\">\n<div class=\"flex flex-1 text-base mx-auto gap-3 juice:gap-4 juice:md:gap-6 md:px-5 lg:px-1 xl:px-5 md:max-w-3xl lg:max-w-[40rem] xl:max-w-[48rem]\">\n<div class=\"relative flex w-full min-w-0 flex-col agent-turn\">\n<div class=\"flex-col gap-1 md:gap-3\">\n<div class=\"flex flex-grow flex-col max-w-full\">\n<div class=\"min-h-[20px] text-message flex flex-col items-start gap-3 whitespace-pre-wrap break-words [.text-message+&amp;]:mt-5 overflow-x-auto\" dir=\"auto\" data-message-author-role=\"assistant\" data-message-id=\"0a34fc26-10c0-4871-bddc-19bdbe6d26ab\">\n<div class=\"markdown prose w-full break-words dark:prose-invert light\">\n<p>Entdecken Sie jetzt unseren hochwertigen Cell Power Shot f\u00fcr Ihre optimale Zellregeneration. Unsere Wirkstoffkombination zielt darauf ab, den nat\u00fcrlichen Prozess der Zellerneuerung zu unterst\u00fctzen. Wir setzen auf h\u00f6chste Anspr\u00fcche an Nat\u00fcrlichkeit, Reinheit und Qualit\u00e4t! Holen Sie sich eine Extraportion Superfood f\u00fcr Ihre Zellen!<\/p>\n<div class=\"flex max-w-full flex-col flex-grow\">\n<div class=\"min-h-8 text-message flex w-full flex-col items-end gap-2 whitespace-normal break-words [.text-message+&amp;]:mt-5\" dir=\"auto\" data-message-author-role=\"assistant\" data-message-id=\"18cee2a1-2040-4060-a22f-9d8b1a7ae970\" data-message-model-slug=\"gpt-4o\">\n<div class=\"flex w-full flex-col gap-1 empty:hidden first:pt-[3px]\">\n<div class=\"markdown prose w-full break-words dark:prose-invert light\">\n<p>&nbsp;<\/p>\n<div class=\"flex max-w-full flex-col flex-grow\">\n<div class=\"min-h-8 text-message flex w-full flex-col items-end gap-2 whitespace-normal break-words [.text-message+&amp;]:mt-5\" dir=\"auto\" data-message-author-role=\"assistant\" data-message-id=\"ff679bcc-aacc-4d7f-b1cf-53a9471fe33e\" data-message-model-slug=\"gpt-4o\">\n<div class=\"flex w-full flex-col gap-1 empty:hidden first:pt-[3px]\">\n<div class=\"markdown prose w-full break-words dark:prose-invert light\">\n<p>Der Cell Power Shot liefert Ihnen eine hochwertige, exklusive vegane Vitaminmischung zur Zellregeneration \u2013 in nur einem Shot pro Tag statt einer handvoll Pillen. Der Einzelkaufwert aller Inhaltsstoffe liegt bei \u00fcber \u20ac 320,-!<\/p>\n<p>&nbsp;<\/p>\n<\/div>\n<\/div>\n<\/div>\n<\/div>\n<\/div>\n<\/div>\n<\/div>\n<\/div>\n<\/div>\n<p>JETZT BESTELLEN!<\/p>\n<\/div>\n<\/div>\n<\/div>\n<\/div>\n<\/div>\n<\/div>\n<\/div>\n<\/div>\n<\/div>\n<\/div>\n<\/div>\n","protected":false},"featured_media":10115,"template":"","meta":{"_acf_changed":false,"inline_featured_image":false,"_monsterinsights_skip_tracking":false,"_monsterinsights_sitenote_active":false,"_monsterinsights_sitenote_note":"","_monsterinsights_sitenote_category":0},"product_cat":[215],"product_tag":[],"class_list":{"0":"post-10110","1":"product","2":"type-product","3":"status-publish","4":"has-post-thumbnail","6":"product_cat-all-in-one-anti-aging-shot","7":"product_shipping_class-versand","9":"first","10":"instock","11":"sale","12":"taxable","13":"shipping-taxable","14":"purchasable","15":"product-type-simple"},"acf":[],"yoast_head":"<!-- This site is optimized with the Yoast SEO plugin v23.1 - https:\/\/yoast.com\/wordpress\/plugins\/seo\/ -->\n<title>Cell Power Shot (vegan) - Beyond DNA<\/title>\n<meta name=\"description\" content=\"Der neue Weg der Langlebigkeit (Slow-Aging)! Zellregeneration, Zellerneuerung, Superfood, \u2013 eine einfache L\u00f6sung f\u00fcr alle, die ungern Tabletten schlucken!\" \/>\n<meta name=\"robots\" content=\"index, follow, max-snippet:-1, max-image-preview:large, max-video-preview:-1\" \/>\n<link rel=\"canonical\" href=\"https:\/\/beyond-dna.at\/produkt\/cell-power-shot\/\" \/>\n<meta property=\"og:locale\" content=\"en_US\" \/>\n<meta property=\"og:type\" content=\"article\" \/>\n<meta property=\"og:title\" content=\"Cell Power Shot (vegan) - Beyond DNA\" \/>\n<meta property=\"og:description\" content=\"Der neue Weg der Langlebigkeit (Slow-Aging)! Zellregeneration, Zellerneuerung, Superfood, \u2013 eine einfache L\u00f6sung f\u00fcr alle, die ungern Tabletten schlucken!\" \/>\n<meta property=\"og:url\" content=\"https:\/\/beyond-dna.at\/produkt\/cell-power-shot\/\" \/>\n<meta property=\"og:site_name\" content=\"Beyond DNA\" \/>\n<meta property=\"article:modified_time\" content=\"2025-03-06T13:31:54+00:00\" \/>\n<meta property=\"og:image\" content=\"https:\/\/beyond-dna.at\/wp-content\/uploads\/2024\/04\/Brain-Power-Shot-3.png\" \/>\n\t<meta property=\"og:image:width\" content=\"1080\" \/>\n\t<meta property=\"og:image:height\" content=\"1080\" \/>\n\t<meta property=\"og:image:type\" content=\"image\/png\" \/>\n<meta name=\"twitter:card\" content=\"summary_large_image\" \/>\n<meta name=\"twitter:label1\" content=\"Est. reading time\" \/>\n\t<meta name=\"twitter:data1\" content=\"2 minutes\" \/>\n<script type=\"application\/ld+json\" class=\"yoast-schema-graph\">{\"@context\":\"https:\/\/schema.org\",\"@graph\":[{\"@type\":\"WebPage\",\"@id\":\"https:\/\/beyond-dna.at\/produkt\/cell-power-shot\/\",\"url\":\"https:\/\/beyond-dna.at\/produkt\/cell-power-shot\/\",\"name\":\"Cell Power Shot (vegan) - Beyond DNA\",\"isPartOf\":{\"@id\":\"https:\/\/beyond-dna.at\/#website\"},\"primaryImageOfPage\":{\"@id\":\"https:\/\/beyond-dna.at\/produkt\/cell-power-shot\/#primaryimage\"},\"image\":{\"@id\":\"https:\/\/beyond-dna.at\/produkt\/cell-power-shot\/#primaryimage\"},\"thumbnailUrl\":\"https:\/\/beyond-dna.at\/wp-content\/uploads\/2024\/04\/Brain-Power-Shot-3.png\",\"datePublished\":\"2024-04-26T13:48:46+00:00\",\"dateModified\":\"2025-03-06T13:31:54+00:00\",\"description\":\"Der neue Weg der Langlebigkeit (Slow-Aging)! Zellregeneration, Zellerneuerung, Superfood, \u2013 eine einfache L\u00f6sung f\u00fcr alle, die ungern Tabletten schlucken!\",\"breadcrumb\":{\"@id\":\"https:\/\/beyond-dna.at\/produkt\/cell-power-shot\/#breadcrumb\"},\"inLanguage\":\"en-US\",\"potentialAction\":[{\"@type\":\"ReadAction\",\"target\":[\"https:\/\/beyond-dna.at\/produkt\/cell-power-shot\/\"]}]},{\"@type\":\"ImageObject\",\"inLanguage\":\"en-US\",\"@id\":\"https:\/\/beyond-dna.at\/produkt\/cell-power-shot\/#primaryimage\",\"url\":\"https:\/\/beyond-dna.at\/wp-content\/uploads\/2024\/04\/Brain-Power-Shot-3.png\",\"contentUrl\":\"https:\/\/beyond-dna.at\/wp-content\/uploads\/2024\/04\/Brain-Power-Shot-3.png\",\"width\":1080,\"height\":1080},{\"@type\":\"BreadcrumbList\",\"@id\":\"https:\/\/beyond-dna.at\/produkt\/cell-power-shot\/#breadcrumb\",\"itemListElement\":[{\"@type\":\"ListItem\",\"position\":1,\"name\":\"Startseite\",\"item\":\"https:\/\/beyond-dna.at\/en\/\"},{\"@type\":\"ListItem\",\"position\":2,\"name\":\"Shop\",\"item\":\"https:\/\/beyond-dna.at\/en\/shop-2\/\"},{\"@type\":\"ListItem\",\"position\":3,\"name\":\"Cell Power Shot (vegan)\"}]},{\"@type\":\"WebSite\",\"@id\":\"https:\/\/beyond-dna.at\/#website\",\"url\":\"https:\/\/beyond-dna.at\/\",\"name\":\"Beyond DNA\",\"description\":\"DNA Analysen f\u00fcr ein besseres Leben\",\"publisher\":{\"@id\":\"https:\/\/beyond-dna.at\/#organization\"},\"potentialAction\":[{\"@type\":\"SearchAction\",\"target\":{\"@type\":\"EntryPoint\",\"urlTemplate\":\"https:\/\/beyond-dna.at\/?s={search_term_string}\"},\"query-input\":\"required name=search_term_string\"}],\"inLanguage\":\"en-US\"},{\"@type\":\"Organization\",\"@id\":\"https:\/\/beyond-dna.at\/#organization\",\"name\":\"Beyond DNA\",\"url\":\"https:\/\/beyond-dna.at\/\",\"logo\":{\"@type\":\"ImageObject\",\"inLanguage\":\"en-US\",\"@id\":\"https:\/\/beyond-dna.at\/#\/schema\/logo\/image\/\",\"url\":\"https:\/\/beyond-dna.at\/wp-content\/uploads\/2020\/11\/B-DNA_Logo_RZ_mitHelix-1.png\",\"contentUrl\":\"https:\/\/beyond-dna.at\/wp-content\/uploads\/2020\/11\/B-DNA_Logo_RZ_mitHelix-1.png\",\"width\":777,\"height\":280,\"caption\":\"Beyond DNA\"},\"image\":{\"@id\":\"https:\/\/beyond-dna.at\/#\/schema\/logo\/image\/\"}}]}<\/script>\n<!-- \/ Yoast SEO plugin. -->","yoast_head_json":{"title":"Cell Power Shot (vegan) - Beyond DNA","description":"Der neue Weg der Langlebigkeit (Slow-Aging)! Zellregeneration, Zellerneuerung, Superfood, \u2013 eine einfache L\u00f6sung f\u00fcr alle, die ungern Tabletten schlucken!","robots":{"index":"index","follow":"follow","max-snippet":"max-snippet:-1","max-image-preview":"max-image-preview:large","max-video-preview":"max-video-preview:-1"},"canonical":"https:\/\/beyond-dna.at\/produkt\/cell-power-shot\/","og_locale":"en_US","og_type":"article","og_title":"Cell Power Shot (vegan) - Beyond DNA","og_description":"Der neue Weg der Langlebigkeit (Slow-Aging)! Zellregeneration, Zellerneuerung, Superfood, \u2013 eine einfache L\u00f6sung f\u00fcr alle, die ungern Tabletten schlucken!","og_url":"https:\/\/beyond-dna.at\/produkt\/cell-power-shot\/","og_site_name":"Beyond DNA","article_modified_time":"2025-03-06T13:31:54+00:00","og_image":[{"width":1080,"height":1080,"url":"https:\/\/beyond-dna.at\/wp-content\/uploads\/2024\/04\/Brain-Power-Shot-3.png","type":"image\/png"}],"twitter_card":"summary_large_image","twitter_misc":{"Est. reading time":"2 minutes"},"schema":{"@context":"https:\/\/schema.org","@graph":[{"@type":"WebPage","@id":"https:\/\/beyond-dna.at\/produkt\/cell-power-shot\/","url":"https:\/\/beyond-dna.at\/produkt\/cell-power-shot\/","name":"Cell Power Shot (vegan) - Beyond DNA","isPartOf":{"@id":"https:\/\/beyond-dna.at\/#website"},"primaryImageOfPage":{"@id":"https:\/\/beyond-dna.at\/produkt\/cell-power-shot\/#primaryimage"},"image":{"@id":"https:\/\/beyond-dna.at\/produkt\/cell-power-shot\/#primaryimage"},"thumbnailUrl":"https:\/\/beyond-dna.at\/wp-content\/uploads\/2024\/04\/Brain-Power-Shot-3.png","datePublished":"2024-04-26T13:48:46+00:00","dateModified":"2025-03-06T13:31:54+00:00","description":"Der neue Weg der Langlebigkeit (Slow-Aging)! Zellregeneration, Zellerneuerung, Superfood, \u2013 eine einfache L\u00f6sung f\u00fcr alle, die ungern Tabletten schlucken!","breadcrumb":{"@id":"https:\/\/beyond-dna.at\/produkt\/cell-power-shot\/#breadcrumb"},"inLanguage":"en-US","potentialAction":[{"@type":"ReadAction","target":["https:\/\/beyond-dna.at\/produkt\/cell-power-shot\/"]}]},{"@type":"ImageObject","inLanguage":"en-US","@id":"https:\/\/beyond-dna.at\/produkt\/cell-power-shot\/#primaryimage","url":"https:\/\/beyond-dna.at\/wp-content\/uploads\/2024\/04\/Brain-Power-Shot-3.png","contentUrl":"https:\/\/beyond-dna.at\/wp-content\/uploads\/2024\/04\/Brain-Power-Shot-3.png","width":1080,"height":1080},{"@type":"BreadcrumbList","@id":"https:\/\/beyond-dna.at\/produkt\/cell-power-shot\/#breadcrumb","itemListElement":[{"@type":"ListItem","position":1,"name":"Startseite","item":"https:\/\/beyond-dna.at\/en\/"},{"@type":"ListItem","position":2,"name":"Shop","item":"https:\/\/beyond-dna.at\/en\/shop-2\/"},{"@type":"ListItem","position":3,"name":"Cell Power Shot (vegan)"}]},{"@type":"WebSite","@id":"https:\/\/beyond-dna.at\/#website","url":"https:\/\/beyond-dna.at\/","name":"Beyond DNA","description":"DNA Analysen f\u00fcr ein besseres Leben","publisher":{"@id":"https:\/\/beyond-dna.at\/#organization"},"potentialAction":[{"@type":"SearchAction","target":{"@type":"EntryPoint","urlTemplate":"https:\/\/beyond-dna.at\/?s={search_term_string}"},"query-input":"required name=search_term_string"}],"inLanguage":"en-US"},{"@type":"Organization","@id":"https:\/\/beyond-dna.at\/#organization","name":"Beyond DNA","url":"https:\/\/beyond-dna.at\/","logo":{"@type":"ImageObject","inLanguage":"en-US","@id":"https:\/\/beyond-dna.at\/#\/schema\/logo\/image\/","url":"https:\/\/beyond-dna.at\/wp-content\/uploads\/2020\/11\/B-DNA_Logo_RZ_mitHelix-1.png","contentUrl":"https:\/\/beyond-dna.at\/wp-content\/uploads\/2020\/11\/B-DNA_Logo_RZ_mitHelix-1.png","width":777,"height":280,"caption":"Beyond DNA"},"image":{"@id":"https:\/\/beyond-dna.at\/#\/schema\/logo\/image\/"}}]}},"jetpack_sharing_enabled":true,"_links":{"self":[{"href":"https:\/\/beyond-dna.at\/en\/wp-json\/wp\/v2\/product\/10110","targetHints":{"allow":["GET"]}}],"collection":[{"href":"https:\/\/beyond-dna.at\/en\/wp-json\/wp\/v2\/product"}],"about":[{"href":"https:\/\/beyond-dna.at\/en\/wp-json\/wp\/v2\/types\/product"}],"wp:featuredmedia":[{"embeddable":true,"href":"https:\/\/beyond-dna.at\/en\/wp-json\/wp\/v2\/media\/10115"}],"wp:attachment":[{"href":"https:\/\/beyond-dna.at\/en\/wp-json\/wp\/v2\/media?parent=10110"}],"wp:term":[{"taxonomy":"product_cat","embeddable":true,"href":"https:\/\/beyond-dna.at\/en\/wp-json\/wp\/v2\/product_cat?post=10110"},{"taxonomy":"product_tag","embeddable":true,"href":"https:\/\/beyond-dna.at\/en\/wp-json\/wp\/v2\/product_tag?post=10110"}],"curies":[{"name":"wp","href":"https:\/\/api.w.org\/{rel}","templated":true}]}}