{"id":10979,"date":"2025-05-03T18:05:28","date_gmt":"2025-05-03T18:05:28","guid":{"rendered":"https:\/\/beyond-dna.at\/?post_type=product&#038;p=10979"},"modified":"2025-09-03T10:50:14","modified_gmt":"2025-09-03T10:50:14","slug":"beyond-glow","status":"publish","type":"product","link":"https:\/\/beyond-dna.at\/en\/produkt\/beyond-glow\/","title":{"rendered":"Personalisierters Glow Serum Set"},"content":{"rendered":"<h3 class=\"\" data-start=\"119\" data-end=\"183\">Ihre Haut ist einzigartig! Ihre Pflege sollte es auch sein.<\/h3>\n<p class=\"\" data-start=\"185\" data-end=\"407\">Jede Haut hat andere Bed\u00fcrfnisse. Deshalb enth\u00e4lt <strong data-start=\"235\" data-end=\"250\">BEYOND GLOW<\/strong> keine Standardformel, sondern eine individuell abgestimmte Wirkstoffkombination \u2013 exakt angepasst an das Ergebnis Ihrer pers\u00f6nlichen <strong data-start=\"384\" data-end=\"406\">Beyond DNA Analyse<\/strong>.<\/p>\n<p class=\"\" data-start=\"409\" data-end=\"679\">Was drin ist? Hochwertigste, sorgf\u00e4ltig ausgew\u00e4hlte Inhaltsstoffe, die auf Ihre genetisch bedingten Hautanforderungen abgestimmt sind. Nicht mehr und nicht weniger. So bekommt Ihre Haut genau das, was sie braucht \u2013 f\u00fcr sp\u00fcrbar mehr Ausstrahlung, Elastizit\u00e4t und Balance.<\/p>\n<p class=\"\" data-start=\"681\" data-end=\"828\"><strong data-start=\"681\" data-end=\"772\">Sie g\u00f6nnen Ihrer Haut nicht irgendeine Pflege \u2013 sondern die, die wirklich zu ihr passt.<\/strong><br data-start=\"772\" data-end=\"775\" \/>Wer BEYOND GLOW kennt, will nie wieder etwas anderes.<\/p>\n<p class=\"\" data-start=\"830\" data-end=\"915\"><strong data-start=\"830\" data-end=\"915\">Jetzt starten \u2013 und erleben, was echte, personalisierte Hautpflege bewirken kann.<\/strong><\/p>\n","protected":false},"excerpt":{"rendered":"<h3 class=\"\" data-start=\"241\" data-end=\"299\"><strong data-start=\"245\" data-end=\"299\">BEYOND GLOW SET<\/strong><\/h3>\n<h3 class=\"\" data-start=\"241\" data-end=\"299\"><strong data-start=\"245\" data-end=\"299\">IHRE 3-<\/strong><strong data-start=\"245\" data-end=\"299\">fach PERSONALISIERTE GESICHTSPFLEGE<\/strong><\/h3>\n<p>&nbsp;<\/p>\n<p class=\"\" data-start=\"300\" data-end=\"361\"><strong data-start=\"300\" data-end=\"361\">Sch\u00f6nheit beginnt in der Zelle! Abgestimmt auf Ihre DNA<\/strong><\/p>\n<p class=\"\" data-start=\"363\" data-end=\"511\">Warum sich mit einer Standardl\u00f6sung zufriedengeben, wenn Sie eine Hautpflege haben k\u00f6nnen, die exakt auf Ihre genetischen Bed\u00fcrfnisse abgestimmt ist?<\/p>\n<p class=\"\" data-start=\"513\" data-end=\"602\"><span style=\"color: #000000;\"><strong data-start=\"513\" data-end=\"546\">\u2714\ufe0f BEYOND GLOW DAY SERUM<\/strong><\/span><\/p>\n<p class=\"\" data-start=\"513\" data-end=\"602\"><span style=\"color: #000000;\"><strong data-start=\"513\" data-end=\"546\">\u2714\ufe0f BEYOND GLOW NIGHT SERUM<\/strong> <\/span><\/p>\n<p class=\"\" data-start=\"513\" data-end=\"602\"><span style=\"color: #000000;\"><strong data-start=\"513\" data-end=\"546\">\u2714\ufe0f <\/strong>BONUS: <strong data-start=\"513\" data-end=\"546\">BEYOND GLOW NIGHT BOOSTER<\/strong><\/span><\/p>\n<p class=\"\" data-start=\"513\" data-end=\"602\">\u00a0enthalten hochwirksame Inhaltsstoffe wie:<\/p>\n<ul data-start=\"604\" data-end=\"1011\">\n<li class=\"\" data-start=\"604\" data-end=\"685\">\n<p class=\"\" data-start=\"606\" data-end=\"685\"><strong data-start=\"606\" data-end=\"637\">Hyalurons\u00e4urekomplex<\/strong> f\u00fcr intensive Feuchtigkeit und Hautberuhigung<\/p>\n<\/li>\n<li class=\"\" data-start=\"686\" data-end=\"767\">\n<p class=\"\" data-start=\"688\" data-end=\"767\"><strong data-start=\"688\" data-end=\"705\">Vitamin C &amp; E<\/strong> f\u00fcr antioxidativen Schutz, Glow und einen ebenm\u00e4\u00dfigen Teint<\/p>\n<\/li>\n<li class=\"\" data-start=\"768\" data-end=\"847\">\n<p class=\"\" data-start=\"770\" data-end=\"847\"><strong data-start=\"770\" data-end=\"813\">Panthenol, Aloe Vera &amp; Kornblumenwasser<\/strong> zur Regeneration und Beruhigung<\/p>\n<\/li>\n<li class=\"\" data-start=\"848\" data-end=\"931\">\n<p class=\"\" data-start=\"850\" data-end=\"931\"><strong data-start=\"850\" data-end=\"897\">Aminos\u00e4uren <\/strong>f\u00fcr eine gest\u00e4rkte, glatte Haut<\/p>\n<\/li>\n<li class=\"\" data-start=\"932\" data-end=\"1011\">\n<p class=\"\" data-start=\"934\" data-end=\"1011\"><strong data-start=\"934\" data-end=\"981\">Booster mit zellregenerierenden Wirkstoffen<\/strong> f\u00fcr sichtbar straffere Haut<\/p>\n<\/li>\n<\/ul>\n<p class=\"\" data-start=\"1013\" data-end=\"1189\"><strong data-start=\"1013\" data-end=\"1041\">Wirkung auf einen Blick:<\/strong><br data-start=\"1041\" data-end=\"1044\" \/>\u2713 Glatteres Hautbild &amp; weniger F\u00e4ltchen<br data-start=\"1083\" data-end=\"1086\" \/>\u2713 Reduktion von Pigmentflecken<br data-start=\"1116\" data-end=\"1119\" \/>\u2713 Mehr Ausstrahlung &amp; Feuchtigkeit<br data-start=\"1153\" data-end=\"1156\" \/>\u2713 Anti-Aging von innen nach au\u00dfen<\/p>\n","protected":false},"featured_media":10964,"template":"","meta":{"_acf_changed":false,"inline_featured_image":false,"_monsterinsights_skip_tracking":false,"_monsterinsights_sitenote_active":false,"_monsterinsights_sitenote_note":"","_monsterinsights_sitenote_category":0},"product_cat":[217],"product_tag":[],"class_list":{"0":"post-10979","1":"product","2":"type-product","3":"status-publish","4":"has-post-thumbnail","6":"product_cat-deep-regeneration-glow-serum","7":"product_shipping_class-analysen","9":"first","10":"instock","11":"sale","12":"taxable","13":"shipping-taxable","14":"purchasable","15":"product-type-simple"},"acf":[],"yoast_head":"<!-- This site is optimized with the Yoast SEO plugin v23.1 - https:\/\/yoast.com\/wordpress\/plugins\/seo\/ -->\n<title>Personalisierters Glow Serum Set - Beyond DNA<\/title>\n<meta name=\"description\" content=\"BEYOND GLOW DEINE PERSONALISIERTE GESICHTSPFLEGE Sch\u00f6nheit beginnt in der Zelle! Abgestimmt auf Ihre DNA! Warum sich mit einer Standardl\u00f6sung zufriedengeben, wenn Sie eine Hautpflege haben k\u00f6nnen, die exakt auf Ihre genetischen Bed\u00fcrfnisse abgestimmt ist\" \/>\n<meta name=\"robots\" content=\"index, follow, max-snippet:-1, max-image-preview:large, max-video-preview:-1\" \/>\n<link rel=\"canonical\" href=\"https:\/\/beyond-dna.at\/produkt\/beyond-glow\/\" \/>\n<meta property=\"og:locale\" content=\"en_US\" \/>\n<meta property=\"og:type\" content=\"article\" \/>\n<meta property=\"og:title\" content=\"Personalisierters Glow Serum Set - Beyond DNA\" \/>\n<meta property=\"og:description\" content=\"BEYOND GLOW DEINE PERSONALISIERTE GESICHTSPFLEGE Sch\u00f6nheit beginnt in der Zelle! Abgestimmt auf Ihre DNA! Warum sich mit einer Standardl\u00f6sung zufriedengeben, wenn Sie eine Hautpflege haben k\u00f6nnen, die exakt auf Ihre genetischen Bed\u00fcrfnisse abgestimmt ist\" \/>\n<meta property=\"og:url\" content=\"https:\/\/beyond-dna.at\/produkt\/beyond-glow\/\" \/>\n<meta property=\"og:site_name\" content=\"Beyond DNA\" \/>\n<meta property=\"article:modified_time\" content=\"2025-09-03T10:50:14+00:00\" \/>\n<meta property=\"og:image\" content=\"https:\/\/beyond-dna.at\/wp-content\/uploads\/2020\/12\/Beyond-GLOW.-3er-Set.png\" \/>\n\t<meta property=\"og:image:width\" content=\"1920\" \/>\n\t<meta property=\"og:image:height\" content=\"1080\" \/>\n\t<meta property=\"og:image:type\" content=\"image\/png\" \/>\n<meta name=\"twitter:card\" content=\"summary_large_image\" \/>\n<meta name=\"twitter:label1\" content=\"Est. reading time\" \/>\n\t<meta name=\"twitter:data1\" content=\"1 minute\" \/>\n<script type=\"application\/ld+json\" class=\"yoast-schema-graph\">{\"@context\":\"https:\/\/schema.org\",\"@graph\":[{\"@type\":\"WebPage\",\"@id\":\"https:\/\/beyond-dna.at\/produkt\/beyond-glow\/\",\"url\":\"https:\/\/beyond-dna.at\/produkt\/beyond-glow\/\",\"name\":\"Personalisierters Glow Serum Set - Beyond DNA\",\"isPartOf\":{\"@id\":\"https:\/\/beyond-dna.at\/#website\"},\"primaryImageOfPage\":{\"@id\":\"https:\/\/beyond-dna.at\/produkt\/beyond-glow\/#primaryimage\"},\"image\":{\"@id\":\"https:\/\/beyond-dna.at\/produkt\/beyond-glow\/#primaryimage\"},\"thumbnailUrl\":\"https:\/\/beyond-dna.at\/wp-content\/uploads\/2020\/12\/Beyond-GLOW.-3er-Set.png\",\"datePublished\":\"2025-05-03T18:05:28+00:00\",\"dateModified\":\"2025-09-03T10:50:14+00:00\",\"description\":\"BEYOND GLOW DEINE PERSONALISIERTE GESICHTSPFLEGE Sch\u00f6nheit beginnt in der Zelle! Abgestimmt auf Ihre DNA! Warum sich mit einer Standardl\u00f6sung zufriedengeben, wenn Sie eine Hautpflege haben k\u00f6nnen, die exakt auf Ihre genetischen Bed\u00fcrfnisse abgestimmt ist\",\"breadcrumb\":{\"@id\":\"https:\/\/beyond-dna.at\/produkt\/beyond-glow\/#breadcrumb\"},\"inLanguage\":\"en-US\",\"potentialAction\":[{\"@type\":\"ReadAction\",\"target\":[\"https:\/\/beyond-dna.at\/produkt\/beyond-glow\/\"]}]},{\"@type\":\"ImageObject\",\"inLanguage\":\"en-US\",\"@id\":\"https:\/\/beyond-dna.at\/produkt\/beyond-glow\/#primaryimage\",\"url\":\"https:\/\/beyond-dna.at\/wp-content\/uploads\/2020\/12\/Beyond-GLOW.-3er-Set.png\",\"contentUrl\":\"https:\/\/beyond-dna.at\/wp-content\/uploads\/2020\/12\/Beyond-GLOW.-3er-Set.png\",\"width\":1920,\"height\":1080},{\"@type\":\"BreadcrumbList\",\"@id\":\"https:\/\/beyond-dna.at\/produkt\/beyond-glow\/#breadcrumb\",\"itemListElement\":[{\"@type\":\"ListItem\",\"position\":1,\"name\":\"Startseite\",\"item\":\"https:\/\/beyond-dna.at\/en\/\"},{\"@type\":\"ListItem\",\"position\":2,\"name\":\"Shop\",\"item\":\"https:\/\/beyond-dna.at\/en\/shop-2\/\"},{\"@type\":\"ListItem\",\"position\":3,\"name\":\"Personalisierters Glow Serum Set\"}]},{\"@type\":\"WebSite\",\"@id\":\"https:\/\/beyond-dna.at\/#website\",\"url\":\"https:\/\/beyond-dna.at\/\",\"name\":\"Beyond DNA\",\"description\":\"DNA Analysen f\u00fcr ein besseres Leben\",\"publisher\":{\"@id\":\"https:\/\/beyond-dna.at\/#organization\"},\"potentialAction\":[{\"@type\":\"SearchAction\",\"target\":{\"@type\":\"EntryPoint\",\"urlTemplate\":\"https:\/\/beyond-dna.at\/?s={search_term_string}\"},\"query-input\":\"required name=search_term_string\"}],\"inLanguage\":\"en-US\"},{\"@type\":\"Organization\",\"@id\":\"https:\/\/beyond-dna.at\/#organization\",\"name\":\"Beyond DNA\",\"url\":\"https:\/\/beyond-dna.at\/\",\"logo\":{\"@type\":\"ImageObject\",\"inLanguage\":\"en-US\",\"@id\":\"https:\/\/beyond-dna.at\/#\/schema\/logo\/image\/\",\"url\":\"https:\/\/beyond-dna.at\/wp-content\/uploads\/2020\/11\/B-DNA_Logo_RZ_mitHelix-1.png\",\"contentUrl\":\"https:\/\/beyond-dna.at\/wp-content\/uploads\/2020\/11\/B-DNA_Logo_RZ_mitHelix-1.png\",\"width\":777,\"height\":280,\"caption\":\"Beyond DNA\"},\"image\":{\"@id\":\"https:\/\/beyond-dna.at\/#\/schema\/logo\/image\/\"}}]}<\/script>\n<!-- \/ Yoast SEO plugin. -->","yoast_head_json":{"title":"Personalisierters Glow Serum Set - Beyond DNA","description":"BEYOND GLOW DEINE PERSONALISIERTE GESICHTSPFLEGE Sch\u00f6nheit beginnt in der Zelle! Abgestimmt auf Ihre DNA! Warum sich mit einer Standardl\u00f6sung zufriedengeben, wenn Sie eine Hautpflege haben k\u00f6nnen, die exakt auf Ihre genetischen Bed\u00fcrfnisse abgestimmt ist","robots":{"index":"index","follow":"follow","max-snippet":"max-snippet:-1","max-image-preview":"max-image-preview:large","max-video-preview":"max-video-preview:-1"},"canonical":"https:\/\/beyond-dna.at\/produkt\/beyond-glow\/","og_locale":"en_US","og_type":"article","og_title":"Personalisierters Glow Serum Set - Beyond DNA","og_description":"BEYOND GLOW DEINE PERSONALISIERTE GESICHTSPFLEGE Sch\u00f6nheit beginnt in der Zelle! Abgestimmt auf Ihre DNA! Warum sich mit einer Standardl\u00f6sung zufriedengeben, wenn Sie eine Hautpflege haben k\u00f6nnen, die exakt auf Ihre genetischen Bed\u00fcrfnisse abgestimmt ist","og_url":"https:\/\/beyond-dna.at\/produkt\/beyond-glow\/","og_site_name":"Beyond DNA","article_modified_time":"2025-09-03T10:50:14+00:00","og_image":[{"width":1920,"height":1080,"url":"https:\/\/beyond-dna.at\/wp-content\/uploads\/2020\/12\/Beyond-GLOW.-3er-Set.png","type":"image\/png"}],"twitter_card":"summary_large_image","twitter_misc":{"Est. reading time":"1 minute"},"schema":{"@context":"https:\/\/schema.org","@graph":[{"@type":"WebPage","@id":"https:\/\/beyond-dna.at\/produkt\/beyond-glow\/","url":"https:\/\/beyond-dna.at\/produkt\/beyond-glow\/","name":"Personalisierters Glow Serum Set - Beyond DNA","isPartOf":{"@id":"https:\/\/beyond-dna.at\/#website"},"primaryImageOfPage":{"@id":"https:\/\/beyond-dna.at\/produkt\/beyond-glow\/#primaryimage"},"image":{"@id":"https:\/\/beyond-dna.at\/produkt\/beyond-glow\/#primaryimage"},"thumbnailUrl":"https:\/\/beyond-dna.at\/wp-content\/uploads\/2020\/12\/Beyond-GLOW.-3er-Set.png","datePublished":"2025-05-03T18:05:28+00:00","dateModified":"2025-09-03T10:50:14+00:00","description":"BEYOND GLOW DEINE PERSONALISIERTE GESICHTSPFLEGE Sch\u00f6nheit beginnt in der Zelle! Abgestimmt auf Ihre DNA! Warum sich mit einer Standardl\u00f6sung zufriedengeben, wenn Sie eine Hautpflege haben k\u00f6nnen, die exakt auf Ihre genetischen Bed\u00fcrfnisse abgestimmt ist","breadcrumb":{"@id":"https:\/\/beyond-dna.at\/produkt\/beyond-glow\/#breadcrumb"},"inLanguage":"en-US","potentialAction":[{"@type":"ReadAction","target":["https:\/\/beyond-dna.at\/produkt\/beyond-glow\/"]}]},{"@type":"ImageObject","inLanguage":"en-US","@id":"https:\/\/beyond-dna.at\/produkt\/beyond-glow\/#primaryimage","url":"https:\/\/beyond-dna.at\/wp-content\/uploads\/2020\/12\/Beyond-GLOW.-3er-Set.png","contentUrl":"https:\/\/beyond-dna.at\/wp-content\/uploads\/2020\/12\/Beyond-GLOW.-3er-Set.png","width":1920,"height":1080},{"@type":"BreadcrumbList","@id":"https:\/\/beyond-dna.at\/produkt\/beyond-glow\/#breadcrumb","itemListElement":[{"@type":"ListItem","position":1,"name":"Startseite","item":"https:\/\/beyond-dna.at\/en\/"},{"@type":"ListItem","position":2,"name":"Shop","item":"https:\/\/beyond-dna.at\/en\/shop-2\/"},{"@type":"ListItem","position":3,"name":"Personalisierters Glow Serum Set"}]},{"@type":"WebSite","@id":"https:\/\/beyond-dna.at\/#website","url":"https:\/\/beyond-dna.at\/","name":"Beyond DNA","description":"DNA Analysen f\u00fcr ein besseres Leben","publisher":{"@id":"https:\/\/beyond-dna.at\/#organization"},"potentialAction":[{"@type":"SearchAction","target":{"@type":"EntryPoint","urlTemplate":"https:\/\/beyond-dna.at\/?s={search_term_string}"},"query-input":"required name=search_term_string"}],"inLanguage":"en-US"},{"@type":"Organization","@id":"https:\/\/beyond-dna.at\/#organization","name":"Beyond DNA","url":"https:\/\/beyond-dna.at\/","logo":{"@type":"ImageObject","inLanguage":"en-US","@id":"https:\/\/beyond-dna.at\/#\/schema\/logo\/image\/","url":"https:\/\/beyond-dna.at\/wp-content\/uploads\/2020\/11\/B-DNA_Logo_RZ_mitHelix-1.png","contentUrl":"https:\/\/beyond-dna.at\/wp-content\/uploads\/2020\/11\/B-DNA_Logo_RZ_mitHelix-1.png","width":777,"height":280,"caption":"Beyond DNA"},"image":{"@id":"https:\/\/beyond-dna.at\/#\/schema\/logo\/image\/"}}]}},"jetpack_sharing_enabled":true,"_links":{"self":[{"href":"https:\/\/beyond-dna.at\/en\/wp-json\/wp\/v2\/product\/10979","targetHints":{"allow":["GET"]}}],"collection":[{"href":"https:\/\/beyond-dna.at\/en\/wp-json\/wp\/v2\/product"}],"about":[{"href":"https:\/\/beyond-dna.at\/en\/wp-json\/wp\/v2\/types\/product"}],"wp:featuredmedia":[{"embeddable":true,"href":"https:\/\/beyond-dna.at\/en\/wp-json\/wp\/v2\/media\/10964"}],"wp:attachment":[{"href":"https:\/\/beyond-dna.at\/en\/wp-json\/wp\/v2\/media?parent=10979"}],"wp:term":[{"taxonomy":"product_cat","embeddable":true,"href":"https:\/\/beyond-dna.at\/en\/wp-json\/wp\/v2\/product_cat?post=10979"},{"taxonomy":"product_tag","embeddable":true,"href":"https:\/\/beyond-dna.at\/en\/wp-json\/wp\/v2\/product_tag?post=10979"}],"curies":[{"name":"wp","href":"https:\/\/api.w.org\/{rel}","templated":true}]}}