{"id":9514,"date":"2023-10-01T14:10:01","date_gmt":"2023-10-01T14:10:01","guid":{"rendered":"https:\/\/beyond-dna.at\/?post_type=product&#038;p=9514"},"modified":"2025-03-06T13:35:08","modified_gmt":"2025-03-06T13:35:08","slug":"my-iconic-body","status":"publish","type":"product","link":"https:\/\/beyond-dna.at\/en\/produkt\/my-iconic-body\/","title":{"rendered":"MY Iconic Body NEW (vegan)"},"content":{"rendered":"<p><strong>Jeder Darm ist einzigartig besiedelt und ben\u00f6tigt besondere Aufmerksamkeit\u00a0\u00a0<\/strong><\/p>\n<p><img loading=\"lazy\" decoding=\"async\" class=\"alignnone wp-image-10105 size-medium\" src=\"https:\/\/beyond-dna.at\/wp-content\/uploads\/2023\/10\/MY-Iconic-Body--300x300.png\" alt=\"\" width=\"300\" height=\"300\" srcset=\"https:\/\/beyond-dna.at\/wp-content\/uploads\/2023\/10\/MY-Iconic-Body--300x300.png 300w, https:\/\/beyond-dna.at\/wp-content\/uploads\/2023\/10\/MY-Iconic-Body--1024x1024.png 1024w, https:\/\/beyond-dna.at\/wp-content\/uploads\/2023\/10\/MY-Iconic-Body--150x150.png 150w, https:\/\/beyond-dna.at\/wp-content\/uploads\/2023\/10\/MY-Iconic-Body--768x768.png 768w, https:\/\/beyond-dna.at\/wp-content\/uploads\/2023\/10\/MY-Iconic-Body--650x650.png 650w, https:\/\/beyond-dna.at\/wp-content\/uploads\/2023\/10\/MY-Iconic-Body--600x600.png 600w, https:\/\/beyond-dna.at\/wp-content\/uploads\/2023\/10\/MY-Iconic-Body--100x100.png 100w, https:\/\/beyond-dna.at\/wp-content\/uploads\/2023\/10\/MY-Iconic-Body-.png 1080w\" sizes=\"auto, (max-width: 300px) 100vw, 300px\" \/><\/p>\n<p>&nbsp;<\/p>\n<p>MY Iconic Body kann dazu beitragen, die Gesundheit des Verdauungssystems zu unterst\u00fctzen, Giftstoffe zu binden und eine ausgewogene Darmflora aufrechtzuerhalten. Eine optimale Gesundheit und ein funktionierendes Immunsystem ist dann gew\u00e4hrleistet, wenn alle k\u00f6rpereigenen Vitalstoffe in ausreichender Menge im Organismus vorhanden sind.<\/p>\n<p>Eine Darm-Mikrobiom Unterversorgung kann sowohl durch eine unzureichende Zufuhr an Ballaststoffen, Probiotika, falscher Speisezubereitung, Stress, Genussmittelkonsumation, Sport, Vorerkrankungen, Dauermedikation etc. als auch durch einen individuellen Mehrbedarf (genetisch) verursacht werden.<\/p>\n<p>MY Iconic Body hat das Ziel Ihre Darmflora zu unterst\u00fctzen und die Gesundheit Ihres Verdauungssystems zu f\u00f6rdern um dadurch Ihr gesamtes Wohlbefinden zu verbessern:<\/p>\n<ul>\n<li>probiotische Bakterienart (mikroverkapselt, f\u00f6rdert eine gesunde Darmflora)<\/li>\n<li>Chrom (Stoffwechsel von Kohlenhydraten, Fetten und Proteinen)<\/li>\n<li>Saccharomyces Cerevisiae (Darmgesundheit und Immunsystem)<\/li>\n<li>einzellige Mikroalge Chlorella (wichtige N\u00e4hrstoffe und Entgiftungsvorteile)<\/li>\n<li>Korianderfruchtextrakt (Entz\u00fcndungshemmend, Hildegard von Bingen)<\/li>\n<li>Vitalpilz-Extrakt (Unterst\u00fctzung des Immunsystems, TCM)<\/li>\n<li>Der neue zus\u00e4tzliche Vitamin-B-Komplex ist von entscheidender Bedeutung f\u00fcr zahlreiche Funktionen im K\u00f6rper (Energieproduktion, der Zellteilung, der Nervenfunktion und dem Stoffwechsel von Kohlenhydraten, Proteinen und Fetten). Dar\u00fcber hinaus unterst\u00fctzen die B-Vitamine das Immunsystem, f\u00f6rdern die Bildung roter Blutk\u00f6rperchen und tragen zur Gesundheit von Haut, Haaren und N\u00e4geln bei.<\/li>\n<\/ul>\n<p>&nbsp;<\/p>\n<p>Investieren Sie in Ihre Gesundheit und Lebensqualit\u00e4t mit unserem hochwertigen Supplement. Erleben Sie das Potenzial einer ganzheitlichen Gesundheitsl\u00f6sung in nur einem Produkt.<\/p>\n<p>MY Iconic Body vereinigt all diese wichtigen Aspekte und ist zus\u00e4tzlich:<\/p>\n<ul>\n<li>vegan<\/li>\n<li>laktosefrei<\/li>\n<li>glutenfrei<\/li>\n<li>zuckerfrei<\/li>\n<li>ohne Tierversuche,\u00a0k\u00fcnstliche Farb- und F\u00fcllstoffe und ohne k\u00fcnstliche Konservierungsstoffe<\/li>\n<\/ul>\n<p>und nach strengsten \u00f6sterreichischen Qualit\u00e4tsstandards\u00a0durch ISO Zertifizierungen!<\/p>\n<p>&nbsp;<\/p>\n<p style=\"text-align: center;\">ALLES WAS WIR LIEBEVOLL MACHEN ERF\u00dcLLT H\u00d6CHSTE ANSPR\u00dcCHE IN BEZUG AUF QUALIT\u00c4T UND REINHEIT. WIR ARBEITEN OHNE K\u00dcNSTLICHE F\u00dcLL- UND KONSERVIERUNGSSTOFFE, GLUTEN UND LAKTOSE.<\/p>\n<p>&nbsp;<\/p>\n<p style=\"text-align: center;\">Ihre Gesundheit ist uns wichtig und wir m\u00f6chten betonen: Vitamine sind kein Ersatz f\u00fcr eine ausgewogene und abwechslungsreiche Ern\u00e4hrung und eine gesunde Lebensweise.\u00a0Mehr Infos zu <a href=\"https:\/\/beyond-dna.at\/produkt\/beyond-dna-nutrition\/\">Beyond DNA Nutrition.<\/a><\/p>\n<p>&nbsp;<\/p>\n","protected":false},"excerpt":{"rendered":"<h3>Ein gesunder Darm ist die Wurzel des Wohlbefindens<\/h3>\n<p>&nbsp;<\/p>\n<p>Die Formulierung wurde speziell entwickelt, um Ihr Darmbiom zu optimieren und Ihnen dabei zu helfen, effektiver zu verstoffwechseln. Dadurch erhalten Sie einen flacheren Bauch und einen entgifteten Darm.\u00a0Starten Sie noch heute Ihre Reise zu einem fitteren Ich:<\/p>\n<p>&nbsp;<\/p>\n<p>&#8211; Flacher Bauch<br \/>\n&#8211; Stoffwechsel anregen<br \/>\n&#8211; Darmbiom verbessern<br \/>\n&#8211; Immunsystem st\u00e4rken<br \/>\n&#8211; Bindung von Giftstoffen<\/p>\n<h5>Die Wichtigkeit der Darmgesundheit ist unbestreitbar!<\/h5>\n<p>Unser Darm verliert t\u00e4glich Millionen lebenswichtiger Bakterien durch Stress, Kaffee, Alkohol, fettes Essen und verunreinigte Lebensmittel. Bringen Sie Ihren Darm ins Gleichgewicht und steigern Sie dadurch Ihr Wohlbefinden. G\u00f6nnen Sie sich jetzt MY Iconic Body, eine innovative Formulierung aus hochwertigsten veganen Inhaltsstoffen, ganz ohne k\u00fcnstliche Zus\u00e4tze!<\/p>\n<p>&nbsp;<\/p>\n<h5><strong>Jetzt bestellen!<\/strong><\/h5>\n","protected":false},"featured_media":10107,"template":"","meta":{"_acf_changed":false,"inline_featured_image":false,"_monsterinsights_skip_tracking":false,"_monsterinsights_sitenote_active":false,"_monsterinsights_sitenote_note":"","_monsterinsights_sitenote_category":0},"product_cat":[216],"product_tag":[172,175,173,174,171,176],"class_list":{"0":"post-9514","1":"product","2":"type-product","3":"status-publish","4":"has-post-thumbnail","6":"product_cat-inner-strength-schuetze-deinen-darm-taeglich","7":"product_tag-ausleitung-giftstoffe","8":"product_tag-darmbiom-verbessern","9":"product_tag-flacher-bauch","10":"product_tag-schwermetall-entgiftung","11":"product_tag-stoffwechsel","12":"product_tag-stoffwechsel-anregen","13":"product_shipping_class-versand","15":"first","16":"instock","17":"sale","18":"taxable","19":"shipping-taxable","20":"purchasable","21":"product-type-simple"},"acf":[],"yoast_head":"<!-- This site is optimized with the Yoast SEO plugin v23.1 - https:\/\/yoast.com\/wordpress\/plugins\/seo\/ -->\n<title>MY Iconic Body NEW (vegan) - Beyond DNA<\/title>\n<meta name=\"description\" content=\"Game changer f\u00fcr Ihr Microbiom, Darmbakterien optimieren, Immunsystem st\u00e4rken, flacherer Bauch, Bindung von Schwermetallen, Stoffwechsel anregen\" \/>\n<meta name=\"robots\" content=\"index, follow, max-snippet:-1, max-image-preview:large, max-video-preview:-1\" \/>\n<link rel=\"canonical\" href=\"https:\/\/beyond-dna.at\/produkt\/my-iconic-body\/\" \/>\n<meta property=\"og:locale\" content=\"en_US\" \/>\n<meta property=\"og:type\" content=\"article\" \/>\n<meta property=\"og:title\" content=\"MY Iconic Body NEW (vegan) - Beyond DNA\" \/>\n<meta property=\"og:description\" content=\"Game changer f\u00fcr Ihr Microbiom, Darmbakterien optimieren, Immunsystem st\u00e4rken, flacherer Bauch, Bindung von Schwermetallen, Stoffwechsel anregen\" \/>\n<meta property=\"og:url\" content=\"https:\/\/beyond-dna.at\/produkt\/my-iconic-body\/\" \/>\n<meta property=\"og:site_name\" content=\"Beyond DNA\" \/>\n<meta property=\"article:modified_time\" content=\"2025-03-06T13:35:08+00:00\" \/>\n<meta property=\"og:image\" content=\"https:\/\/beyond-dna.at\/wp-content\/uploads\/2023\/10\/MY-Iconic-Body-6.png\" \/>\n\t<meta property=\"og:image:width\" content=\"1080\" \/>\n\t<meta property=\"og:image:height\" content=\"1080\" \/>\n\t<meta property=\"og:image:type\" content=\"image\/png\" \/>\n<meta name=\"twitter:card\" content=\"summary_large_image\" \/>\n<meta name=\"twitter:label1\" content=\"Est. reading time\" \/>\n\t<meta name=\"twitter:data1\" content=\"3 minutes\" \/>\n<script type=\"application\/ld+json\" class=\"yoast-schema-graph\">{\"@context\":\"https:\/\/schema.org\",\"@graph\":[{\"@type\":\"WebPage\",\"@id\":\"https:\/\/beyond-dna.at\/produkt\/my-iconic-body\/\",\"url\":\"https:\/\/beyond-dna.at\/produkt\/my-iconic-body\/\",\"name\":\"MY Iconic Body NEW (vegan) - Beyond DNA\",\"isPartOf\":{\"@id\":\"https:\/\/beyond-dna.at\/#website\"},\"primaryImageOfPage\":{\"@id\":\"https:\/\/beyond-dna.at\/produkt\/my-iconic-body\/#primaryimage\"},\"image\":{\"@id\":\"https:\/\/beyond-dna.at\/produkt\/my-iconic-body\/#primaryimage\"},\"thumbnailUrl\":\"https:\/\/beyond-dna.at\/wp-content\/uploads\/2023\/10\/MY-Iconic-Body-6.png\",\"datePublished\":\"2023-10-01T14:10:01+00:00\",\"dateModified\":\"2025-03-06T13:35:08+00:00\",\"description\":\"Game changer f\u00fcr Ihr Microbiom, Darmbakterien optimieren, Immunsystem st\u00e4rken, flacherer Bauch, Bindung von Schwermetallen, Stoffwechsel anregen\",\"breadcrumb\":{\"@id\":\"https:\/\/beyond-dna.at\/produkt\/my-iconic-body\/#breadcrumb\"},\"inLanguage\":\"en-US\",\"potentialAction\":[{\"@type\":\"ReadAction\",\"target\":[\"https:\/\/beyond-dna.at\/produkt\/my-iconic-body\/\"]}]},{\"@type\":\"ImageObject\",\"inLanguage\":\"en-US\",\"@id\":\"https:\/\/beyond-dna.at\/produkt\/my-iconic-body\/#primaryimage\",\"url\":\"https:\/\/beyond-dna.at\/wp-content\/uploads\/2023\/10\/MY-Iconic-Body-6.png\",\"contentUrl\":\"https:\/\/beyond-dna.at\/wp-content\/uploads\/2023\/10\/MY-Iconic-Body-6.png\",\"width\":1080,\"height\":1080},{\"@type\":\"BreadcrumbList\",\"@id\":\"https:\/\/beyond-dna.at\/produkt\/my-iconic-body\/#breadcrumb\",\"itemListElement\":[{\"@type\":\"ListItem\",\"position\":1,\"name\":\"Startseite\",\"item\":\"https:\/\/beyond-dna.at\/en\/\"},{\"@type\":\"ListItem\",\"position\":2,\"name\":\"Shop\",\"item\":\"https:\/\/beyond-dna.at\/en\/shop-2\/\"},{\"@type\":\"ListItem\",\"position\":3,\"name\":\"MY Iconic Body NEW (vegan)\"}]},{\"@type\":\"WebSite\",\"@id\":\"https:\/\/beyond-dna.at\/#website\",\"url\":\"https:\/\/beyond-dna.at\/\",\"name\":\"Beyond DNA\",\"description\":\"DNA Analysen f\u00fcr ein besseres Leben\",\"publisher\":{\"@id\":\"https:\/\/beyond-dna.at\/#organization\"},\"potentialAction\":[{\"@type\":\"SearchAction\",\"target\":{\"@type\":\"EntryPoint\",\"urlTemplate\":\"https:\/\/beyond-dna.at\/?s={search_term_string}\"},\"query-input\":\"required name=search_term_string\"}],\"inLanguage\":\"en-US\"},{\"@type\":\"Organization\",\"@id\":\"https:\/\/beyond-dna.at\/#organization\",\"name\":\"Beyond DNA\",\"url\":\"https:\/\/beyond-dna.at\/\",\"logo\":{\"@type\":\"ImageObject\",\"inLanguage\":\"en-US\",\"@id\":\"https:\/\/beyond-dna.at\/#\/schema\/logo\/image\/\",\"url\":\"https:\/\/beyond-dna.at\/wp-content\/uploads\/2020\/11\/B-DNA_Logo_RZ_mitHelix-1.png\",\"contentUrl\":\"https:\/\/beyond-dna.at\/wp-content\/uploads\/2020\/11\/B-DNA_Logo_RZ_mitHelix-1.png\",\"width\":777,\"height\":280,\"caption\":\"Beyond DNA\"},\"image\":{\"@id\":\"https:\/\/beyond-dna.at\/#\/schema\/logo\/image\/\"}}]}<\/script>\n<!-- \/ Yoast SEO plugin. -->","yoast_head_json":{"title":"MY Iconic Body NEW (vegan) - Beyond DNA","description":"Game changer f\u00fcr Ihr Microbiom, Darmbakterien optimieren, Immunsystem st\u00e4rken, flacherer Bauch, Bindung von Schwermetallen, Stoffwechsel anregen","robots":{"index":"index","follow":"follow","max-snippet":"max-snippet:-1","max-image-preview":"max-image-preview:large","max-video-preview":"max-video-preview:-1"},"canonical":"https:\/\/beyond-dna.at\/produkt\/my-iconic-body\/","og_locale":"en_US","og_type":"article","og_title":"MY Iconic Body NEW (vegan) - Beyond DNA","og_description":"Game changer f\u00fcr Ihr Microbiom, Darmbakterien optimieren, Immunsystem st\u00e4rken, flacherer Bauch, Bindung von Schwermetallen, Stoffwechsel anregen","og_url":"https:\/\/beyond-dna.at\/produkt\/my-iconic-body\/","og_site_name":"Beyond DNA","article_modified_time":"2025-03-06T13:35:08+00:00","og_image":[{"width":1080,"height":1080,"url":"https:\/\/beyond-dna.at\/wp-content\/uploads\/2023\/10\/MY-Iconic-Body-6.png","type":"image\/png"}],"twitter_card":"summary_large_image","twitter_misc":{"Est. reading time":"3 minutes"},"schema":{"@context":"https:\/\/schema.org","@graph":[{"@type":"WebPage","@id":"https:\/\/beyond-dna.at\/produkt\/my-iconic-body\/","url":"https:\/\/beyond-dna.at\/produkt\/my-iconic-body\/","name":"MY Iconic Body NEW (vegan) - Beyond DNA","isPartOf":{"@id":"https:\/\/beyond-dna.at\/#website"},"primaryImageOfPage":{"@id":"https:\/\/beyond-dna.at\/produkt\/my-iconic-body\/#primaryimage"},"image":{"@id":"https:\/\/beyond-dna.at\/produkt\/my-iconic-body\/#primaryimage"},"thumbnailUrl":"https:\/\/beyond-dna.at\/wp-content\/uploads\/2023\/10\/MY-Iconic-Body-6.png","datePublished":"2023-10-01T14:10:01+00:00","dateModified":"2025-03-06T13:35:08+00:00","description":"Game changer f\u00fcr Ihr Microbiom, Darmbakterien optimieren, Immunsystem st\u00e4rken, flacherer Bauch, Bindung von Schwermetallen, Stoffwechsel anregen","breadcrumb":{"@id":"https:\/\/beyond-dna.at\/produkt\/my-iconic-body\/#breadcrumb"},"inLanguage":"en-US","potentialAction":[{"@type":"ReadAction","target":["https:\/\/beyond-dna.at\/produkt\/my-iconic-body\/"]}]},{"@type":"ImageObject","inLanguage":"en-US","@id":"https:\/\/beyond-dna.at\/produkt\/my-iconic-body\/#primaryimage","url":"https:\/\/beyond-dna.at\/wp-content\/uploads\/2023\/10\/MY-Iconic-Body-6.png","contentUrl":"https:\/\/beyond-dna.at\/wp-content\/uploads\/2023\/10\/MY-Iconic-Body-6.png","width":1080,"height":1080},{"@type":"BreadcrumbList","@id":"https:\/\/beyond-dna.at\/produkt\/my-iconic-body\/#breadcrumb","itemListElement":[{"@type":"ListItem","position":1,"name":"Startseite","item":"https:\/\/beyond-dna.at\/en\/"},{"@type":"ListItem","position":2,"name":"Shop","item":"https:\/\/beyond-dna.at\/en\/shop-2\/"},{"@type":"ListItem","position":3,"name":"MY Iconic Body NEW (vegan)"}]},{"@type":"WebSite","@id":"https:\/\/beyond-dna.at\/#website","url":"https:\/\/beyond-dna.at\/","name":"Beyond DNA","description":"DNA Analysen f\u00fcr ein besseres Leben","publisher":{"@id":"https:\/\/beyond-dna.at\/#organization"},"potentialAction":[{"@type":"SearchAction","target":{"@type":"EntryPoint","urlTemplate":"https:\/\/beyond-dna.at\/?s={search_term_string}"},"query-input":"required name=search_term_string"}],"inLanguage":"en-US"},{"@type":"Organization","@id":"https:\/\/beyond-dna.at\/#organization","name":"Beyond DNA","url":"https:\/\/beyond-dna.at\/","logo":{"@type":"ImageObject","inLanguage":"en-US","@id":"https:\/\/beyond-dna.at\/#\/schema\/logo\/image\/","url":"https:\/\/beyond-dna.at\/wp-content\/uploads\/2020\/11\/B-DNA_Logo_RZ_mitHelix-1.png","contentUrl":"https:\/\/beyond-dna.at\/wp-content\/uploads\/2020\/11\/B-DNA_Logo_RZ_mitHelix-1.png","width":777,"height":280,"caption":"Beyond DNA"},"image":{"@id":"https:\/\/beyond-dna.at\/#\/schema\/logo\/image\/"}}]}},"jetpack_sharing_enabled":true,"_links":{"self":[{"href":"https:\/\/beyond-dna.at\/en\/wp-json\/wp\/v2\/product\/9514","targetHints":{"allow":["GET"]}}],"collection":[{"href":"https:\/\/beyond-dna.at\/en\/wp-json\/wp\/v2\/product"}],"about":[{"href":"https:\/\/beyond-dna.at\/en\/wp-json\/wp\/v2\/types\/product"}],"wp:featuredmedia":[{"embeddable":true,"href":"https:\/\/beyond-dna.at\/en\/wp-json\/wp\/v2\/media\/10107"}],"wp:attachment":[{"href":"https:\/\/beyond-dna.at\/en\/wp-json\/wp\/v2\/media?parent=9514"}],"wp:term":[{"taxonomy":"product_cat","embeddable":true,"href":"https:\/\/beyond-dna.at\/en\/wp-json\/wp\/v2\/product_cat?post=9514"},{"taxonomy":"product_tag","embeddable":true,"href":"https:\/\/beyond-dna.at\/en\/wp-json\/wp\/v2\/product_tag?post=9514"}],"curies":[{"name":"wp","href":"https:\/\/api.w.org\/{rel}","templated":true}]}}