{"id":9647,"date":"2023-11-17T18:11:38","date_gmt":"2023-11-17T18:11:38","guid":{"rendered":"https:\/\/beyond-dna.at\/?post_type=product&#038;p=9647"},"modified":"2024-02-16T16:11:46","modified_gmt":"2024-02-16T16:11:46","slug":"work-life-balance-box-mini","status":"publish","type":"product","link":"https:\/\/beyond-dna.at\/en\/produkt\/work-life-balance-box-mini\/","title":{"rendered":"Work Life Balance Box Mini + Gratis Hoteln\u00e4chte f\u00fcr 2"},"content":{"rendered":"<h4><strong>Was ist in der Beyond Travel Card** enthalten?\u00a0<\/strong><\/h4>\n<p><img loading=\"lazy\" decoding=\"async\" class=\"wp-image-9661 alignright\" src=\"https:\/\/beyond-dna.at\/wp-content\/uploads\/2023\/11\/Work-Life-Balance-Box-Mini-Travel-card-11-300x300.png\" alt=\"\" width=\"367\" height=\"367\" srcset=\"https:\/\/beyond-dna.at\/wp-content\/uploads\/2023\/11\/Work-Life-Balance-Box-Mini-Travel-card-11-300x300.png 300w, https:\/\/beyond-dna.at\/wp-content\/uploads\/2023\/11\/Work-Life-Balance-Box-Mini-Travel-card-11-1024x1024.png 1024w, https:\/\/beyond-dna.at\/wp-content\/uploads\/2023\/11\/Work-Life-Balance-Box-Mini-Travel-card-11-150x150.png 150w, https:\/\/beyond-dna.at\/wp-content\/uploads\/2023\/11\/Work-Life-Balance-Box-Mini-Travel-card-11-768x768.png 768w, https:\/\/beyond-dna.at\/wp-content\/uploads\/2023\/11\/Work-Life-Balance-Box-Mini-Travel-card-11-650x650.png 650w, https:\/\/beyond-dna.at\/wp-content\/uploads\/2023\/11\/Work-Life-Balance-Box-Mini-Travel-card-11-600x600.png 600w, https:\/\/beyond-dna.at\/wp-content\/uploads\/2023\/11\/Work-Life-Balance-Box-Mini-Travel-card-11-100x100.png 100w, https:\/\/beyond-dna.at\/wp-content\/uploads\/2023\/11\/Work-Life-Balance-Box-Mini-Travel-card-11.png 1080w\" sizes=\"auto, (max-width: 367px) 100vw, 367px\" \/><\/p>\n<p>&nbsp;<\/p>\n<p>&#8220;Erhalte 3 Monate voller Vitalit\u00e4t, ein Jahr voller Reisen&#8221;<\/p>\n<ul>\n<li>kostenfreie \u00dcbernachtungen<\/li>\n<li>\u00fcber 1.200 Unterk\u00fcnfte in ganz Europa<\/li>\n<li>von Sport- bis Luxushotels<\/li>\n<li>verreisen so oft Sie m\u00f6chten<\/li>\n<li>f\u00fcr Sie und eine Begleitung<\/li>\n<li>in einem Doppelzimmer<\/li>\n<li>viele zus\u00e4tzliche Goodies<\/li>\n<\/ul>\n<p>&nbsp;<\/p>\n<p>&nbsp;<\/p>\n<p>&nbsp;<\/p>\n<p>&nbsp;<\/p>\n<p>&nbsp;<\/p>\n<p style=\"text-align: center;\"><strong>Wie komme ich zu meiner Beyond Travel Card?<\/strong><\/p>\n<p style=\"text-align: center;\">Sobald Sie Ihre Bestellung aufgegeben haben erhalten Sie innerhalb von 24h eine E-Mail mit einem Code. Dieser Code berechtigt Sie auf der Travel Plattform Hotels und Unterk\u00fcnfte Ihrer Wahl f\u00fcr Sie und eine Begleitung in einem Doppelzimmer f\u00fcr einganzes Jahr (31.12.2024) zu buchen.<\/p>\n<p style=\"text-align: center;\">**Sie erhalten eine unlimitierte Anzahl an Hoteln\u00e4chten f\u00fcr Sie und Ihre Begleitperson im Doppelzimmer in allen Partnerhotels f\u00fcr ein ganzes Jahr. Wir unterst\u00fctzen Regionalit\u00e4t und Nachhaltigkeit und m\u00f6chten die Hotelbetreiber und die dort t\u00e4tigen Mitarbeiter unterst\u00fctzen. Verpflichtend extra zu entrichten sind Fr\u00fchst\u00fcck und Abendessen pro Person je \u00dcbernachtung (ab \u20ac 30,-) von regionalen Schmankerl bis 5-G\u00e4nge Men\u00fc.<\/p>\n<p>&nbsp;<\/p>\n<p style=\"text-align: center;\">Wir w\u00fcnschen Ihnen und Ihrer Begleitung wundervolle Aufenthalte. Unter allen eingesendeten Urlaubsfotos verlosen wir eine Beyond Travel Card f\u00fcr ein weiteres Jahr (Fotos bitte an: contact@beyond-dna.at)<\/p>\n<p>&nbsp;<\/p>\n","protected":false},"excerpt":{"rendered":"<p><strong>Erhalte 3 Monate voller Vitalit\u00e4t, 1 Jahr voller Reisen&#8221;<\/strong><\/p>\n<p>&nbsp;<\/p>\n<p><strong>Als Dankesch\u00f6n gibt es 1 Jahr lang kostenfreie Hotel\u00fcbernachtungen, f\u00fcr 2 Personen in einem Doppelzimmer bei der Bestellung einer Beyond Work-Life Balance Box (Ihr optimaler Vitaminvorrat f\u00fcr 3 Monate). <\/strong><\/p>\n<p>&nbsp;<\/p>\n<p><strong>Nachhaltig schenken! Machen Sie sich eine Freude und\/oder verschenken Sie die Work-Life Balance Box! Wer in Ihrer Familie\u00a0oder in Ihrem Freundeskreis kann einen Urlaub und einen Vitaminnachschub gut gebrauchen?<\/strong><\/p>\n<p>&nbsp;<\/p>\n<p><strong>Was erwartet Sie in der Beyond Work-Life Balance Box:<\/strong><\/p>\n<ul>\n<li><strong>3 x Beyond Brain Power Shot* &#8211;\u00a0The new way of Longevity!<\/strong><\/li>\n<li><strong>3 x MY Iconic Body* &#8211;\u00a0Gamechanger f\u00fcr Ihren Body<\/strong><\/li>\n<li><strong>Beyond Travel Card**<\/strong> (Hotel\u00fcbernachtungen f\u00fcr 2 Personen, kostenfrei dazu)<\/li>\n<\/ul>\n<p><strong>Gesundheit in die eigene Hand nehmen!<\/strong><\/p>\n<p>Man m\u00f6chte eine bessere Work-Life Balance aber es gibt viele Gr\u00fcnde, warum sich ein Urlaub nicht ausgeht. Wir kombinieren Ihre St\u00e4rkung von innen mit unserer Beyond Work-Life Balance Box (Ihr Vitaminvorrat f\u00fcr 6 Monate)\u00a0und von au\u00dfen mit einer herrlichen Auszeit mit der Beyond Travel Card.<\/p>\n<p>&nbsp;<\/p>\n<div style=\"text-align: center;\">\n<p>Sichern Sie sich jetzt schon Ihre Beyond Travel-Card!<\/p>\n<p>Achtung limitiertes Kontingent!<\/p>\n<\/div>\n","protected":false},"featured_media":9841,"template":"","meta":{"_acf_changed":false,"inline_featured_image":false,"_monsterinsights_skip_tracking":false,"_monsterinsights_sitenote_active":false,"_monsterinsights_sitenote_note":"","_monsterinsights_sitenote_category":0},"product_cat":[183],"product_tag":[181,178,179],"class_list":{"0":"post-9647","1":"product","2":"type-product","3":"status-publish","4":"has-post-thumbnail","6":"product_cat-vitaminbox-3-monate-beyond-travel-card","7":"product_tag-3-monate-vitamine","8":"product_tag-kostenfreier-urlaub","9":"product_tag-travel-card","10":"product_shipping_class-versand","12":"first","13":"instock","14":"taxable","15":"shipping-taxable","16":"purchasable","17":"product-type-simple"},"acf":[],"yoast_head":"<!-- This site is optimized with the Yoast SEO plugin v23.1 - https:\/\/yoast.com\/wordpress\/plugins\/seo\/ -->\n<title>Work Life Balance Box Mini + Gratis Hoteln\u00e4chte f\u00fcr 2 - Beyond DNA<\/title>\n<meta name=\"description\" content=\"&quot;Drei Monate voller Vitalit\u00e4t, ein Jahr voller Reisen&quot; Erhalte kostenlose Hotel\u00fcbernachtungen in \u00fcber 1.200 Unterk\u00fcnfte in ganz Europa, von Sport- bis Luxushotels verreisen, so oft Sie m\u00f6chten, f\u00fcr Sie und eine Begleitung in einem Doppelzimmer!\" \/>\n<meta name=\"robots\" content=\"index, follow, max-snippet:-1, max-image-preview:large, max-video-preview:-1\" \/>\n<link rel=\"canonical\" href=\"https:\/\/beyond-dna.at\/produkt\/work-life-balance-box-mini\/\" \/>\n<meta property=\"og:locale\" content=\"en_US\" \/>\n<meta property=\"og:type\" content=\"article\" \/>\n<meta property=\"og:title\" content=\"Work Life Balance Box Mini + Gratis Hoteln\u00e4chte f\u00fcr 2 - Beyond DNA\" \/>\n<meta property=\"og:description\" content=\"&quot;Drei Monate voller Vitalit\u00e4t, ein Jahr voller Reisen&quot; Erhalte kostenlose Hotel\u00fcbernachtungen in \u00fcber 1.200 Unterk\u00fcnfte in ganz Europa, von Sport- bis Luxushotels verreisen, so oft Sie m\u00f6chten, f\u00fcr Sie und eine Begleitung in einem Doppelzimmer!\" \/>\n<meta property=\"og:url\" content=\"https:\/\/beyond-dna.at\/produkt\/work-life-balance-box-mini\/\" \/>\n<meta property=\"og:site_name\" content=\"Beyond DNA\" \/>\n<meta property=\"article:modified_time\" content=\"2024-02-16T16:11:46+00:00\" \/>\n<meta property=\"og:image\" content=\"https:\/\/beyond-dna.at\/wp-content\/uploads\/2023\/11\/Work-Life-Balance-Box-Mini.png\" \/>\n\t<meta property=\"og:image:width\" content=\"1080\" \/>\n\t<meta property=\"og:image:height\" content=\"1080\" \/>\n\t<meta property=\"og:image:type\" content=\"image\/png\" \/>\n<meta name=\"twitter:card\" content=\"summary_large_image\" \/>\n<meta name=\"twitter:label1\" content=\"Est. reading time\" \/>\n\t<meta name=\"twitter:data1\" content=\"2 minutes\" \/>\n<script type=\"application\/ld+json\" class=\"yoast-schema-graph\">{\"@context\":\"https:\/\/schema.org\",\"@graph\":[{\"@type\":\"WebPage\",\"@id\":\"https:\/\/beyond-dna.at\/produkt\/work-life-balance-box-mini\/\",\"url\":\"https:\/\/beyond-dna.at\/produkt\/work-life-balance-box-mini\/\",\"name\":\"Work Life Balance Box Mini + Gratis Hoteln\u00e4chte f\u00fcr 2 - Beyond DNA\",\"isPartOf\":{\"@id\":\"https:\/\/beyond-dna.at\/#website\"},\"primaryImageOfPage\":{\"@id\":\"https:\/\/beyond-dna.at\/produkt\/work-life-balance-box-mini\/#primaryimage\"},\"image\":{\"@id\":\"https:\/\/beyond-dna.at\/produkt\/work-life-balance-box-mini\/#primaryimage\"},\"thumbnailUrl\":\"https:\/\/beyond-dna.at\/wp-content\/uploads\/2023\/11\/Work-Life-Balance-Box-Mini.png\",\"datePublished\":\"2023-11-17T18:11:38+00:00\",\"dateModified\":\"2024-02-16T16:11:46+00:00\",\"description\":\"\\\"Drei Monate voller Vitalit\u00e4t, ein Jahr voller Reisen\\\" Erhalte kostenlose Hotel\u00fcbernachtungen in \u00fcber 1.200 Unterk\u00fcnfte in ganz Europa, von Sport- bis Luxushotels verreisen, so oft Sie m\u00f6chten, f\u00fcr Sie und eine Begleitung in einem Doppelzimmer!\",\"breadcrumb\":{\"@id\":\"https:\/\/beyond-dna.at\/produkt\/work-life-balance-box-mini\/#breadcrumb\"},\"inLanguage\":\"en-US\",\"potentialAction\":[{\"@type\":\"ReadAction\",\"target\":[\"https:\/\/beyond-dna.at\/produkt\/work-life-balance-box-mini\/\"]}]},{\"@type\":\"ImageObject\",\"inLanguage\":\"en-US\",\"@id\":\"https:\/\/beyond-dna.at\/produkt\/work-life-balance-box-mini\/#primaryimage\",\"url\":\"https:\/\/beyond-dna.at\/wp-content\/uploads\/2023\/11\/Work-Life-Balance-Box-Mini.png\",\"contentUrl\":\"https:\/\/beyond-dna.at\/wp-content\/uploads\/2023\/11\/Work-Life-Balance-Box-Mini.png\",\"width\":1080,\"height\":1080},{\"@type\":\"BreadcrumbList\",\"@id\":\"https:\/\/beyond-dna.at\/produkt\/work-life-balance-box-mini\/#breadcrumb\",\"itemListElement\":[{\"@type\":\"ListItem\",\"position\":1,\"name\":\"Startseite\",\"item\":\"https:\/\/beyond-dna.at\/en\/\"},{\"@type\":\"ListItem\",\"position\":2,\"name\":\"Shop\",\"item\":\"https:\/\/beyond-dna.at\/en\/shop-2\/\"},{\"@type\":\"ListItem\",\"position\":3,\"name\":\"Work Life Balance Box Mini + Gratis Hoteln\u00e4chte f\u00fcr 2\"}]},{\"@type\":\"WebSite\",\"@id\":\"https:\/\/beyond-dna.at\/#website\",\"url\":\"https:\/\/beyond-dna.at\/\",\"name\":\"Beyond DNA\",\"description\":\"DNA Analysen f\u00fcr ein besseres Leben\",\"publisher\":{\"@id\":\"https:\/\/beyond-dna.at\/#organization\"},\"potentialAction\":[{\"@type\":\"SearchAction\",\"target\":{\"@type\":\"EntryPoint\",\"urlTemplate\":\"https:\/\/beyond-dna.at\/?s={search_term_string}\"},\"query-input\":\"required name=search_term_string\"}],\"inLanguage\":\"en-US\"},{\"@type\":\"Organization\",\"@id\":\"https:\/\/beyond-dna.at\/#organization\",\"name\":\"Beyond DNA\",\"url\":\"https:\/\/beyond-dna.at\/\",\"logo\":{\"@type\":\"ImageObject\",\"inLanguage\":\"en-US\",\"@id\":\"https:\/\/beyond-dna.at\/#\/schema\/logo\/image\/\",\"url\":\"https:\/\/beyond-dna.at\/wp-content\/uploads\/2020\/11\/B-DNA_Logo_RZ_mitHelix-1.png\",\"contentUrl\":\"https:\/\/beyond-dna.at\/wp-content\/uploads\/2020\/11\/B-DNA_Logo_RZ_mitHelix-1.png\",\"width\":777,\"height\":280,\"caption\":\"Beyond DNA\"},\"image\":{\"@id\":\"https:\/\/beyond-dna.at\/#\/schema\/logo\/image\/\"}}]}<\/script>\n<!-- \/ Yoast SEO plugin. -->","yoast_head_json":{"title":"Work Life Balance Box Mini + Gratis Hoteln\u00e4chte f\u00fcr 2 - Beyond DNA","description":"\"Drei Monate voller Vitalit\u00e4t, ein Jahr voller Reisen\" Erhalte kostenlose Hotel\u00fcbernachtungen in \u00fcber 1.200 Unterk\u00fcnfte in ganz Europa, von Sport- bis Luxushotels verreisen, so oft Sie m\u00f6chten, f\u00fcr Sie und eine Begleitung in einem Doppelzimmer!","robots":{"index":"index","follow":"follow","max-snippet":"max-snippet:-1","max-image-preview":"max-image-preview:large","max-video-preview":"max-video-preview:-1"},"canonical":"https:\/\/beyond-dna.at\/produkt\/work-life-balance-box-mini\/","og_locale":"en_US","og_type":"article","og_title":"Work Life Balance Box Mini + Gratis Hoteln\u00e4chte f\u00fcr 2 - Beyond DNA","og_description":"\"Drei Monate voller Vitalit\u00e4t, ein Jahr voller Reisen\" Erhalte kostenlose Hotel\u00fcbernachtungen in \u00fcber 1.200 Unterk\u00fcnfte in ganz Europa, von Sport- bis Luxushotels verreisen, so oft Sie m\u00f6chten, f\u00fcr Sie und eine Begleitung in einem Doppelzimmer!","og_url":"https:\/\/beyond-dna.at\/produkt\/work-life-balance-box-mini\/","og_site_name":"Beyond DNA","article_modified_time":"2024-02-16T16:11:46+00:00","og_image":[{"width":1080,"height":1080,"url":"https:\/\/beyond-dna.at\/wp-content\/uploads\/2023\/11\/Work-Life-Balance-Box-Mini.png","type":"image\/png"}],"twitter_card":"summary_large_image","twitter_misc":{"Est. reading time":"2 minutes"},"schema":{"@context":"https:\/\/schema.org","@graph":[{"@type":"WebPage","@id":"https:\/\/beyond-dna.at\/produkt\/work-life-balance-box-mini\/","url":"https:\/\/beyond-dna.at\/produkt\/work-life-balance-box-mini\/","name":"Work Life Balance Box Mini + Gratis Hoteln\u00e4chte f\u00fcr 2 - Beyond DNA","isPartOf":{"@id":"https:\/\/beyond-dna.at\/#website"},"primaryImageOfPage":{"@id":"https:\/\/beyond-dna.at\/produkt\/work-life-balance-box-mini\/#primaryimage"},"image":{"@id":"https:\/\/beyond-dna.at\/produkt\/work-life-balance-box-mini\/#primaryimage"},"thumbnailUrl":"https:\/\/beyond-dna.at\/wp-content\/uploads\/2023\/11\/Work-Life-Balance-Box-Mini.png","datePublished":"2023-11-17T18:11:38+00:00","dateModified":"2024-02-16T16:11:46+00:00","description":"\"Drei Monate voller Vitalit\u00e4t, ein Jahr voller Reisen\" Erhalte kostenlose Hotel\u00fcbernachtungen in \u00fcber 1.200 Unterk\u00fcnfte in ganz Europa, von Sport- bis Luxushotels verreisen, so oft Sie m\u00f6chten, f\u00fcr Sie und eine Begleitung in einem Doppelzimmer!","breadcrumb":{"@id":"https:\/\/beyond-dna.at\/produkt\/work-life-balance-box-mini\/#breadcrumb"},"inLanguage":"en-US","potentialAction":[{"@type":"ReadAction","target":["https:\/\/beyond-dna.at\/produkt\/work-life-balance-box-mini\/"]}]},{"@type":"ImageObject","inLanguage":"en-US","@id":"https:\/\/beyond-dna.at\/produkt\/work-life-balance-box-mini\/#primaryimage","url":"https:\/\/beyond-dna.at\/wp-content\/uploads\/2023\/11\/Work-Life-Balance-Box-Mini.png","contentUrl":"https:\/\/beyond-dna.at\/wp-content\/uploads\/2023\/11\/Work-Life-Balance-Box-Mini.png","width":1080,"height":1080},{"@type":"BreadcrumbList","@id":"https:\/\/beyond-dna.at\/produkt\/work-life-balance-box-mini\/#breadcrumb","itemListElement":[{"@type":"ListItem","position":1,"name":"Startseite","item":"https:\/\/beyond-dna.at\/en\/"},{"@type":"ListItem","position":2,"name":"Shop","item":"https:\/\/beyond-dna.at\/en\/shop-2\/"},{"@type":"ListItem","position":3,"name":"Work Life Balance Box Mini + Gratis Hoteln\u00e4chte f\u00fcr 2"}]},{"@type":"WebSite","@id":"https:\/\/beyond-dna.at\/#website","url":"https:\/\/beyond-dna.at\/","name":"Beyond DNA","description":"DNA Analysen f\u00fcr ein besseres Leben","publisher":{"@id":"https:\/\/beyond-dna.at\/#organization"},"potentialAction":[{"@type":"SearchAction","target":{"@type":"EntryPoint","urlTemplate":"https:\/\/beyond-dna.at\/?s={search_term_string}"},"query-input":"required name=search_term_string"}],"inLanguage":"en-US"},{"@type":"Organization","@id":"https:\/\/beyond-dna.at\/#organization","name":"Beyond DNA","url":"https:\/\/beyond-dna.at\/","logo":{"@type":"ImageObject","inLanguage":"en-US","@id":"https:\/\/beyond-dna.at\/#\/schema\/logo\/image\/","url":"https:\/\/beyond-dna.at\/wp-content\/uploads\/2020\/11\/B-DNA_Logo_RZ_mitHelix-1.png","contentUrl":"https:\/\/beyond-dna.at\/wp-content\/uploads\/2020\/11\/B-DNA_Logo_RZ_mitHelix-1.png","width":777,"height":280,"caption":"Beyond DNA"},"image":{"@id":"https:\/\/beyond-dna.at\/#\/schema\/logo\/image\/"}}]}},"jetpack_sharing_enabled":true,"_links":{"self":[{"href":"https:\/\/beyond-dna.at\/en\/wp-json\/wp\/v2\/product\/9647","targetHints":{"allow":["GET"]}}],"collection":[{"href":"https:\/\/beyond-dna.at\/en\/wp-json\/wp\/v2\/product"}],"about":[{"href":"https:\/\/beyond-dna.at\/en\/wp-json\/wp\/v2\/types\/product"}],"wp:featuredmedia":[{"embeddable":true,"href":"https:\/\/beyond-dna.at\/en\/wp-json\/wp\/v2\/media\/9841"}],"wp:attachment":[{"href":"https:\/\/beyond-dna.at\/en\/wp-json\/wp\/v2\/media?parent=9647"}],"wp:term":[{"taxonomy":"product_cat","embeddable":true,"href":"https:\/\/beyond-dna.at\/en\/wp-json\/wp\/v2\/product_cat?post=9647"},{"taxonomy":"product_tag","embeddable":true,"href":"https:\/\/beyond-dna.at\/en\/wp-json\/wp\/v2\/product_tag?post=9647"}],"curies":[{"name":"wp","href":"https:\/\/api.w.org\/{rel}","templated":true}]}}