{"id":9725,"date":"2023-12-01T13:07:42","date_gmt":"2023-12-01T13:07:42","guid":{"rendered":"https:\/\/beyond-dna.at\/?post_type=product&#038;p=9725"},"modified":"2025-05-05T16:23:10","modified_gmt":"2025-05-05T16:23:10","slug":"longevity","status":"publish","type":"product","link":"https:\/\/beyond-dna.at\/en\/produkt\/longevity\/","title":{"rendered":"BEYOND DNA LONGEVITY"},"content":{"rendered":"<h3><strong>Beyond DNA Longevity! <\/strong><\/h3>\n<p>Im deutschsprachigen Raum ist das Wort oft noch unbekannt. Obwohl Longevity jeden von uns betrifft. Ein langes, gesundes Leben f\u00fchren mit 70, 80 oder 90 noch fit sein. Ein Wunsch vieler. Tats\u00e4chlich kann man einiges tun, um bis ins hohe Alter geistig wie k\u00f6rperlich fit zu bleiben. Wir bieten Ihnen einen genetischen Leitfaden der es erleichtert Ihren K\u00f6rper auf den stressigen Alltag optimal vorzubereiten.<\/p>\n<p>Durch eine einfache Speichelprobe analysieren wir \u00fcber 1.000 Lebensmittel und werten personalisiert f\u00fcr Sie aus, welche Lebensmittel genetisch positive Auswirkungen auf Ihre Gesundheit haben und Ihre Zellaktivit\u00e4t f\u00f6rdern und welche Sie mit Vorsicht genie\u00dfen sollten.<\/p>\n<p><a href=\"https:\/\/beyond-dna.at\/wp-content\/uploads\/2021\/01\/BYD-Auszug-Nutrition.pdf\" target=\"_blank\" rel=\"noopener\"><strong>So k\u00f6nnte Ihr Analyseergebnis aussehen.<\/strong><\/a><\/p>\n<p>Zus\u00e4tzlich k\u00f6nnen Sie sich anhand Ihrer Analyse Ihre optimale\u00a0<a href=\"https:\/\/beyond-dna.at\/produkt\/dna-vitamins\/\">Mineral-Vitamin-Kombination MY Vitamins <\/a>zusammenstellen lassen und sich Ihre Ergebnisse in einem <a href=\"https:\/\/beyonddna.at\/beratung\/\">pers\u00f6nlichen Gespr\u00e4ch<\/a> erl\u00e4utern lassen.<\/p>\n<h3><strong>Wie funktioniert\u2019s?<\/strong><\/h3>\n<p>Der Ablauf ist ganz einfach. Wir senden Ihnen ein Starter Set zu, so k\u00f6nnen Sie Ihre Speichelprobe ganz einfach von zu Hause aus durchzuf\u00fchren. In Ihrer Probe sind die genetischen Informationen vorhanden, die wir in unserem Labor sorgsam analysieren und f\u00fcr Sie zusammenfassen. So finden Sie ganz genau heraus, welche von \u00fcber 1.000 Lebensmittel bei Ihnen f\u00fcr eine optimale und gesunde Ern\u00e4hrung geeignet sind, vor Zellabbau sch\u00fctz und das Biologische Altern reduzieren k\u00f6nnen.<\/p>\n<h5><strong>Was erwartet Sie?<\/strong><\/h5>\n<p>Die f\u00fcr mich optimalen Lebensmittel und die darin enthaltenen Inhaltsstoffe wie Vitamine, Fette, Mineralstoffe und Spurenelemente haben enormen Einfluss auf Ihr Wohlbefinden und Ihre Gesundheit. Sie erfahren genau wie Sie Ihre kognitiven F\u00e4higkeiten und Ihre Konzentrationsf\u00e4higkeit steigern k\u00f6nnen und die Bildung von neuen Zellen f\u00fcr sch\u00f6ne Haut und Haare unterst\u00fctzen.<\/p>\n<h5><span style=\"color: #000000;\"><strong>Die genetische Struktur Ihrer Zellen ist so einzigartig, wie Sie es sind!<\/strong><\/span><\/h5>\n<p><strong>Beyond DNA Longevity<\/strong> ist eine umfangreiche Auswertung, um sich personalisiert gesund zu ern\u00e4hren und seine Zellen zu regenerieren. Sie erhalten 2 individuelle Berichte (Beyond DNA Nutrition im Wert von \u20ac 479,- und Beyond DNA Beauty (Biologisches Alter) im Wert von \u20ac 449,-) mit \u00fcber je 130 Seiten, um zu erkennen welche von \u00fcber 1.000 Nahrungsmittel und N\u00e4hrstoffe genetisch (Nutrigenetik) f\u00fcr Ihren K\u00f6rper optimal sind. Welche Lebensmittel Sie unbedenklich genie\u00dfen k\u00f6nnen um Ihre Leistung, Ihr Wohlbefinden, Zellregeneration und Ihre Energie zu steigern oder welche Sie meiden sollten um z.B. Ihre Gelenke zu schonen, Ihre Cholesterinwerte im Normalbereich zu halten oder Entz\u00fcndungen in Ihrem K\u00f6rper zu reduzieren.<\/p>\n<p>In den Zellen sind\u00a0individuelle Informationen\u00a0gespeichert, die Auskunft dar\u00fcber geben, wie schnell Ihre Haut\/Bindegewebe altert und was sie vermehrt ben\u00f6tigt. \u00c4u\u00dfere Einfl\u00fcsse und unser\u00a0Lebensstil\u00a0sind ma\u00dfgeblich f\u00fcr unseren Zellabbau und unser Hautbild verantwortlich. Diese k\u00f6nnen wir oftmals nicht immer beeinflussen, beispielsweise sch\u00e4dliche Umwelteinfl\u00fcsse und\/oder Stress. Schritte die wir jedoch\u00a0ergreifen k\u00f6nnen sind unsere Zellen mit einer\u00a0optimalen Zufuhr an N\u00e4hrstoffen und Vitaminen zu versorgen. Welche N\u00e4hrstoffe das sind und welche Dosierung notwendig ist verr\u00e4t die Beyond DNA Longevity Genanalyse.<\/p>\n<p>Durch eine einfache Speichelprobe erfassen wir den genetischen Zustand Deiner Zellen und finden heraus, mit welchem Programm Sie dem biologischen Altern entgegenwirken k\u00f6nnen. Ziel ist Ihren K\u00f6rper optimal zu versorgen um auf diesem Wege Ihr biologisches Alter zu reduzieren. Erfahre welche Lebensmittel genetisch positive Auswirkungen auf Ihre Gesundheit haben und Ihre Zellaktivit\u00e4t f\u00f6rdern und welche Sie mit Vorsicht (Koffein, Gluten, Laktose, Fruktose uvm.) genie\u00dfen solltest.<\/p>\n<h5><strong>Mit Beyond DNA Longevity<\/strong><\/h5>\n<ul>\n<li>ern\u00e4hren Sie sich nach Ihren Genen (Nutrigenetik) und nicht nach allgemeinen Ern\u00e4hrungstrends<\/li>\n<li>f\u00e4llt es Ihnen leicht, genetisch <strong>gesunde<\/strong> von ungesunden Lebensmitteln zu unterscheiden<\/li>\n<li>haben Sie eine praktische \u00dcbersicht, die Sie leicht in Ihren <strong>Alltag<\/strong> integrieren k\u00f6nnen<\/li>\n<li>kurbeln Sie Ihren <strong>Stoffwechsel<\/strong> nat\u00fcrlich an und halten Ihre Blutwerte im Normbereich<\/li>\n<li>k\u00f6nnen Sie Ihr <strong>Ern\u00e4hrungsverhalten<\/strong> leicht umstellen<\/li>\n<\/ul>\n<p>Mit Beyond DNA Nutrition k\u00f6nnen Sie einfach und bequem nur jene Vitamine zuf\u00fchren, die Sie ben\u00f6tigen.<\/p>\n<h5><strong>Welche Fragen kann Beyond DNA Longevity beantworten?<\/strong><\/h5>\n<ul>\n<li>Was ist genetisch <strong>gesund<\/strong> f\u00fcr Sie oder nur ein Superfood Trend?<\/li>\n<li>Sind die Lebensmittel, die Sie h\u00e4ufig essen gesund f\u00fcr Sie oder schaden diese Ihrem K\u00f6rper?<\/li>\n<li>Welche Ern\u00e4hrungsform ist ideal f\u00fcr Sie, um Ihren <strong>K\u00f6rper<\/strong> bestm\u00f6glich zu versorgen?<\/li>\n<li>Welche Lebensmittel sollten Sie meiden, um Ihre Gelenke zu sch\u00fctzen?<\/li>\n<li>Wie k\u00f6nnen Sie durch Ihre Ern\u00e4hrung \u00fcber <strong>20 Stoffwechselproblemen<\/strong> vorbeugen?<\/li>\n<li>Was ist der beste Weg um Ihr Homozystein, <strong>Triglyceride<\/strong> und <strong>Cholesterin<\/strong> durch Ihre Ern\u00e4hrung im Normalbereich zu halten?<\/li>\n<li>Ist Vitamin B2 f\u00fcr Sie effektiv, um Homozystein zu senken?<\/li>\n<li>Ist Ihr <strong>Bedarf an Eisen<\/strong> erh\u00f6ht oder sollten Sie eisenhaltige Nahrungsmittel unbedingt meiden?<\/li>\n<li>Nimmt Ihr K\u00f6rper ausreichend Kalzium aus der Nahrung auf?<\/li>\n<li>Welchen <strong>Einfluss haben Schwermetalle und Koffein<\/strong> auf Ihren K\u00f6rper?<\/li>\n<li>Ermittlung Ihres individuellen Bedarfs an 23 verschiedenen Vitaminen und Mineralstoffen<\/li>\n<li>Wie ist der genetische Zustand meiner Haut?<\/li>\n<li>Was f\u00fchrt bei mir jetzt und in Zukunft zu erh\u00f6hter Faltenbildung, oxidativen Stress, Entz\u00fcndungsreaktionen oder rascheren Kollagenabbau?<\/li>\n<li>Was muss ich tun, um die Spannkraft und Feuchtigkeitsspeicherung zu erh\u00f6hen und nat\u00fcrlich jung auszusehen?<\/li>\n<li>Wie kann ich Entz\u00fcndungsreaktionen und Gewebesch\u00e4digungen vorbeugen?<\/li>\n<li>Wie hoch liegt meine Neigung zu oxidativem Stress und mein Bedarf an Antioxidantien?<\/li>\n<li>Welches Anti-Aging und Beautyprogramm passt zu meiner Genetik?<\/li>\n<li>Wie kann ich meine Zellen von innen gegen UV-Strahlen sch\u00fctzen?<\/li>\n<li>Was sollte ich meiner Hautzellen zuliebe eher meiden?<\/li>\n<li>Wie versorge ich meine Haut optimal?<\/li>\n<\/ul>\n<p>Zus\u00e4tzlich k\u00f6nnen Sie auf Basis Ihrer Beyond DNA-Analyse Ihre <a href=\"https:\/\/beyond-dna.at\/produkt\/dna-vitamins\/\">personalisierten Beyond DNA MY VITAMINS<\/a> bestellen. Sie erhalten eine Zusammensetzung der exakten Menge aus \u00fcber 23 Vitaminen und Mineralstoffen inklusive Omega-3, Kollagen und Hyaluron, die Ihr K\u00f6rper pro Tag ben\u00f6tigt. Weitere Informationen zur DNA-Auswertung und der wissenschaftlichen Grundlage erhalten Sie <a href=\"https:\/\/beyonddna.at\/?page_id=4001\">hier<\/a>.<\/p>\n<p><strong>Z\u00f6gern Sie nicht und bestellen Sie noch heute.<\/strong><\/p>\n","protected":false},"excerpt":{"rendered":"<p><span style=\"color: #000000;\"><strong>VORTEILE VON\u00a0BEYOND DNA LONGEVITY:<\/strong><\/span><\/p>\n<p>&nbsp;<\/p>\n<p><strong>\u2714\ufe0f <\/strong>Analyse Ihres <strong data-start=\"193\" data-end=\"216\">biologischen Alterns<\/strong> (inkl. Telomerl\u00e4nge &amp; Zellalterung)<\/p>\n<p><strong>\u2714\ufe0f <\/strong>F\u00f6rderung von <strong data-start=\"269\" data-end=\"320\">Kollagenbildung, Zellerneuerung &amp; Hautstraffung<\/strong><\/p>\n<p class=\"\" data-start=\"323\" data-end=\"380\"><strong>\u2714\ufe0f <\/strong>Verbesserung der <strong data-start=\"340\" data-end=\"380\">Herz-, Knochen- und Gelenkgesundheit<\/strong><\/p>\n<p class=\"\" data-start=\"383\" data-end=\"452\"><strong>\u2714\ufe0f <\/strong>Erkennung genetischer <strong data-start=\"405\" data-end=\"428\">Unvertr\u00e4glichkeiten<\/strong> (z.\u202fB. Laktose, Gluten)<\/p>\n<p class=\"\" data-start=\"455\" data-end=\"551\"><strong>\u2714\ufe0f <\/strong>Analyse &amp; Optimierung von <strong data-start=\"481\" data-end=\"551\">Stoffwechsel, Homozystein, Cholesterin &amp; Triglyceriden<\/strong><\/p>\n<h3><\/h3>\n<h3><\/h3>\n<h3><strong>+ NUR JETZT F\u00dcR KURZE ZEIT! <\/strong><\/h3>\n<h3><strong>SICHERN SIE SICH \u20ac 259,- ERSPARNIS UND BONI IM WERT VON \u20ac 269,-<\/strong><\/h3>\n<p>&nbsp;<\/p>\n<p><span style=\"color: #000000;\"><strong>BONUS 1: kostenfreie Erkl\u00e4rung Ihrer Ergebnisse min. 60 Minuten (Wert \u20ac 120,-)<\/strong><\/span><\/p>\n<p><span style=\"color: #000000;\"><strong>BONUS 2: Inklusive: Kostenfreie <span style=\"caret-color: #000000;\">personalisierte<\/span> Vitaminbedarfsanalyse \u00a0(Wert \u20ac 149,-)\u00a0<\/strong><\/span><\/p>\n<h4><strong>DAS BESTE INVESTMENT IST IN DIE EIGENE GESUNDHEIT! HOLEN SIE SICH JETZT DIE UMFANGREICHSTE LONGEVITY ANALYSE AUF DEM MARKT! <\/strong><\/h4>\n<h4><strong>BESTELLEN SIE JETZT!<\/strong><\/h4>\n","protected":false},"featured_media":9727,"template":"","meta":{"_acf_changed":false,"inline_featured_image":false,"_monsterinsights_skip_tracking":false,"_monsterinsights_sitenote_active":false,"_monsterinsights_sitenote_note":"","_monsterinsights_sitenote_category":0},"product_cat":[208],"product_tag":[],"class_list":{"0":"post-9725","1":"product","2":"type-product","3":"status-publish","4":"has-post-thumbnail","6":"product_cat-premium-paket-2-beyond-dna-tests","7":"product_shipping_class-analysen","9":"first","10":"instock","11":"sale","12":"taxable","13":"shipping-taxable","14":"purchasable","15":"product-type-variable"},"acf":[],"yoast_head":"<!-- This site is optimized with the Yoast SEO plugin v23.1 - https:\/\/yoast.com\/wordpress\/plugins\/seo\/ -->\n<title>BEYOND DNA LONGEVITY - Beyond DNA<\/title>\n<meta name=\"description\" content=\"Unser pr\u00e4ziser Beyond DNA Longevity Test analysiert Ihre DNA, um Ihnen personalisierte Einblicke in genetische Faktoren zu bieten, die mit Langlebigkeit in Verbindung stehen. Finden Sie heraus, welche genetischen Merkmale Ihre Gesundheit beeinflussen und erhalten Sie individuelle Empfehlungen, wie Sie Ihr Wohlbefinden optimieren k\u00f6nnen.\" \/>\n<meta name=\"robots\" content=\"index, follow, max-snippet:-1, max-image-preview:large, max-video-preview:-1\" \/>\n<link rel=\"canonical\" href=\"https:\/\/beyond-dna.at\/produkt\/longevity\/\" \/>\n<meta property=\"og:locale\" content=\"en_US\" \/>\n<meta property=\"og:type\" content=\"article\" \/>\n<meta property=\"og:title\" content=\"BEYOND DNA LONGEVITY - Beyond DNA\" \/>\n<meta property=\"og:description\" content=\"Unser pr\u00e4ziser Beyond DNA Longevity Test analysiert Ihre DNA, um Ihnen personalisierte Einblicke in genetische Faktoren zu bieten, die mit Langlebigkeit in Verbindung stehen. Finden Sie heraus, welche genetischen Merkmale Ihre Gesundheit beeinflussen und erhalten Sie individuelle Empfehlungen, wie Sie Ihr Wohlbefinden optimieren k\u00f6nnen.\" \/>\n<meta property=\"og:url\" content=\"https:\/\/beyond-dna.at\/produkt\/longevity\/\" \/>\n<meta property=\"og:site_name\" content=\"Beyond DNA\" \/>\n<meta property=\"article:modified_time\" content=\"2025-05-05T16:23:10+00:00\" \/>\n<meta property=\"og:image\" content=\"https:\/\/beyond-dna.at\/wp-content\/uploads\/2023\/12\/Beyond-DNA-Longevity.png\" \/>\n\t<meta property=\"og:image:width\" content=\"1080\" \/>\n\t<meta property=\"og:image:height\" content=\"1080\" \/>\n\t<meta property=\"og:image:type\" content=\"image\/png\" \/>\n<meta name=\"twitter:card\" content=\"summary_large_image\" \/>\n<meta name=\"twitter:label1\" content=\"Est. reading time\" \/>\n\t<meta name=\"twitter:data1\" content=\"6 minutes\" \/>\n<script type=\"application\/ld+json\" class=\"yoast-schema-graph\">{\"@context\":\"https:\/\/schema.org\",\"@graph\":[{\"@type\":\"WebPage\",\"@id\":\"https:\/\/beyond-dna.at\/produkt\/longevity\/\",\"url\":\"https:\/\/beyond-dna.at\/produkt\/longevity\/\",\"name\":\"BEYOND DNA LONGEVITY - Beyond DNA\",\"isPartOf\":{\"@id\":\"https:\/\/beyond-dna.at\/#website\"},\"primaryImageOfPage\":{\"@id\":\"https:\/\/beyond-dna.at\/produkt\/longevity\/#primaryimage\"},\"image\":{\"@id\":\"https:\/\/beyond-dna.at\/produkt\/longevity\/#primaryimage\"},\"thumbnailUrl\":\"https:\/\/beyond-dna.at\/wp-content\/uploads\/2023\/12\/Beyond-DNA-Longevity.png\",\"datePublished\":\"2023-12-01T13:07:42+00:00\",\"dateModified\":\"2025-05-05T16:23:10+00:00\",\"description\":\"Unser pr\u00e4ziser Beyond DNA Longevity Test analysiert Ihre DNA, um Ihnen personalisierte Einblicke in genetische Faktoren zu bieten, die mit Langlebigkeit in Verbindung stehen. Finden Sie heraus, welche genetischen Merkmale Ihre Gesundheit beeinflussen und erhalten Sie individuelle Empfehlungen, wie Sie Ihr Wohlbefinden optimieren k\u00f6nnen.\",\"breadcrumb\":{\"@id\":\"https:\/\/beyond-dna.at\/produkt\/longevity\/#breadcrumb\"},\"inLanguage\":\"en-US\",\"potentialAction\":[{\"@type\":\"ReadAction\",\"target\":[\"https:\/\/beyond-dna.at\/produkt\/longevity\/\"]}]},{\"@type\":\"ImageObject\",\"inLanguage\":\"en-US\",\"@id\":\"https:\/\/beyond-dna.at\/produkt\/longevity\/#primaryimage\",\"url\":\"https:\/\/beyond-dna.at\/wp-content\/uploads\/2023\/12\/Beyond-DNA-Longevity.png\",\"contentUrl\":\"https:\/\/beyond-dna.at\/wp-content\/uploads\/2023\/12\/Beyond-DNA-Longevity.png\",\"width\":1080,\"height\":1080},{\"@type\":\"BreadcrumbList\",\"@id\":\"https:\/\/beyond-dna.at\/produkt\/longevity\/#breadcrumb\",\"itemListElement\":[{\"@type\":\"ListItem\",\"position\":1,\"name\":\"Startseite\",\"item\":\"https:\/\/beyond-dna.at\/en\/\"},{\"@type\":\"ListItem\",\"position\":2,\"name\":\"Shop\",\"item\":\"https:\/\/beyond-dna.at\/en\/shop-2\/\"},{\"@type\":\"ListItem\",\"position\":3,\"name\":\"BEYOND DNA LONGEVITY\"}]},{\"@type\":\"WebSite\",\"@id\":\"https:\/\/beyond-dna.at\/#website\",\"url\":\"https:\/\/beyond-dna.at\/\",\"name\":\"Beyond DNA\",\"description\":\"DNA Analysen f\u00fcr ein besseres Leben\",\"publisher\":{\"@id\":\"https:\/\/beyond-dna.at\/#organization\"},\"potentialAction\":[{\"@type\":\"SearchAction\",\"target\":{\"@type\":\"EntryPoint\",\"urlTemplate\":\"https:\/\/beyond-dna.at\/?s={search_term_string}\"},\"query-input\":\"required name=search_term_string\"}],\"inLanguage\":\"en-US\"},{\"@type\":\"Organization\",\"@id\":\"https:\/\/beyond-dna.at\/#organization\",\"name\":\"Beyond DNA\",\"url\":\"https:\/\/beyond-dna.at\/\",\"logo\":{\"@type\":\"ImageObject\",\"inLanguage\":\"en-US\",\"@id\":\"https:\/\/beyond-dna.at\/#\/schema\/logo\/image\/\",\"url\":\"https:\/\/beyond-dna.at\/wp-content\/uploads\/2020\/11\/B-DNA_Logo_RZ_mitHelix-1.png\",\"contentUrl\":\"https:\/\/beyond-dna.at\/wp-content\/uploads\/2020\/11\/B-DNA_Logo_RZ_mitHelix-1.png\",\"width\":777,\"height\":280,\"caption\":\"Beyond DNA\"},\"image\":{\"@id\":\"https:\/\/beyond-dna.at\/#\/schema\/logo\/image\/\"}}]}<\/script>\n<!-- \/ Yoast SEO plugin. -->","yoast_head_json":{"title":"BEYOND DNA LONGEVITY - Beyond DNA","description":"Unser pr\u00e4ziser Beyond DNA Longevity Test analysiert Ihre DNA, um Ihnen personalisierte Einblicke in genetische Faktoren zu bieten, die mit Langlebigkeit in Verbindung stehen. Finden Sie heraus, welche genetischen Merkmale Ihre Gesundheit beeinflussen und erhalten Sie individuelle Empfehlungen, wie Sie Ihr Wohlbefinden optimieren k\u00f6nnen.","robots":{"index":"index","follow":"follow","max-snippet":"max-snippet:-1","max-image-preview":"max-image-preview:large","max-video-preview":"max-video-preview:-1"},"canonical":"https:\/\/beyond-dna.at\/produkt\/longevity\/","og_locale":"en_US","og_type":"article","og_title":"BEYOND DNA LONGEVITY - Beyond DNA","og_description":"Unser pr\u00e4ziser Beyond DNA Longevity Test analysiert Ihre DNA, um Ihnen personalisierte Einblicke in genetische Faktoren zu bieten, die mit Langlebigkeit in Verbindung stehen. Finden Sie heraus, welche genetischen Merkmale Ihre Gesundheit beeinflussen und erhalten Sie individuelle Empfehlungen, wie Sie Ihr Wohlbefinden optimieren k\u00f6nnen.","og_url":"https:\/\/beyond-dna.at\/produkt\/longevity\/","og_site_name":"Beyond DNA","article_modified_time":"2025-05-05T16:23:10+00:00","og_image":[{"width":1080,"height":1080,"url":"https:\/\/beyond-dna.at\/wp-content\/uploads\/2023\/12\/Beyond-DNA-Longevity.png","type":"image\/png"}],"twitter_card":"summary_large_image","twitter_misc":{"Est. reading time":"6 minutes"},"schema":{"@context":"https:\/\/schema.org","@graph":[{"@type":"WebPage","@id":"https:\/\/beyond-dna.at\/produkt\/longevity\/","url":"https:\/\/beyond-dna.at\/produkt\/longevity\/","name":"BEYOND DNA LONGEVITY - Beyond DNA","isPartOf":{"@id":"https:\/\/beyond-dna.at\/#website"},"primaryImageOfPage":{"@id":"https:\/\/beyond-dna.at\/produkt\/longevity\/#primaryimage"},"image":{"@id":"https:\/\/beyond-dna.at\/produkt\/longevity\/#primaryimage"},"thumbnailUrl":"https:\/\/beyond-dna.at\/wp-content\/uploads\/2023\/12\/Beyond-DNA-Longevity.png","datePublished":"2023-12-01T13:07:42+00:00","dateModified":"2025-05-05T16:23:10+00:00","description":"Unser pr\u00e4ziser Beyond DNA Longevity Test analysiert Ihre DNA, um Ihnen personalisierte Einblicke in genetische Faktoren zu bieten, die mit Langlebigkeit in Verbindung stehen. Finden Sie heraus, welche genetischen Merkmale Ihre Gesundheit beeinflussen und erhalten Sie individuelle Empfehlungen, wie Sie Ihr Wohlbefinden optimieren k\u00f6nnen.","breadcrumb":{"@id":"https:\/\/beyond-dna.at\/produkt\/longevity\/#breadcrumb"},"inLanguage":"en-US","potentialAction":[{"@type":"ReadAction","target":["https:\/\/beyond-dna.at\/produkt\/longevity\/"]}]},{"@type":"ImageObject","inLanguage":"en-US","@id":"https:\/\/beyond-dna.at\/produkt\/longevity\/#primaryimage","url":"https:\/\/beyond-dna.at\/wp-content\/uploads\/2023\/12\/Beyond-DNA-Longevity.png","contentUrl":"https:\/\/beyond-dna.at\/wp-content\/uploads\/2023\/12\/Beyond-DNA-Longevity.png","width":1080,"height":1080},{"@type":"BreadcrumbList","@id":"https:\/\/beyond-dna.at\/produkt\/longevity\/#breadcrumb","itemListElement":[{"@type":"ListItem","position":1,"name":"Startseite","item":"https:\/\/beyond-dna.at\/en\/"},{"@type":"ListItem","position":2,"name":"Shop","item":"https:\/\/beyond-dna.at\/en\/shop-2\/"},{"@type":"ListItem","position":3,"name":"BEYOND DNA LONGEVITY"}]},{"@type":"WebSite","@id":"https:\/\/beyond-dna.at\/#website","url":"https:\/\/beyond-dna.at\/","name":"Beyond DNA","description":"DNA Analysen f\u00fcr ein besseres Leben","publisher":{"@id":"https:\/\/beyond-dna.at\/#organization"},"potentialAction":[{"@type":"SearchAction","target":{"@type":"EntryPoint","urlTemplate":"https:\/\/beyond-dna.at\/?s={search_term_string}"},"query-input":"required name=search_term_string"}],"inLanguage":"en-US"},{"@type":"Organization","@id":"https:\/\/beyond-dna.at\/#organization","name":"Beyond DNA","url":"https:\/\/beyond-dna.at\/","logo":{"@type":"ImageObject","inLanguage":"en-US","@id":"https:\/\/beyond-dna.at\/#\/schema\/logo\/image\/","url":"https:\/\/beyond-dna.at\/wp-content\/uploads\/2020\/11\/B-DNA_Logo_RZ_mitHelix-1.png","contentUrl":"https:\/\/beyond-dna.at\/wp-content\/uploads\/2020\/11\/B-DNA_Logo_RZ_mitHelix-1.png","width":777,"height":280,"caption":"Beyond DNA"},"image":{"@id":"https:\/\/beyond-dna.at\/#\/schema\/logo\/image\/"}}]}},"jetpack_sharing_enabled":true,"_links":{"self":[{"href":"https:\/\/beyond-dna.at\/en\/wp-json\/wp\/v2\/product\/9725","targetHints":{"allow":["GET"]}}],"collection":[{"href":"https:\/\/beyond-dna.at\/en\/wp-json\/wp\/v2\/product"}],"about":[{"href":"https:\/\/beyond-dna.at\/en\/wp-json\/wp\/v2\/types\/product"}],"wp:featuredmedia":[{"embeddable":true,"href":"https:\/\/beyond-dna.at\/en\/wp-json\/wp\/v2\/media\/9727"}],"wp:attachment":[{"href":"https:\/\/beyond-dna.at\/en\/wp-json\/wp\/v2\/media?parent=9725"}],"wp:term":[{"taxonomy":"product_cat","embeddable":true,"href":"https:\/\/beyond-dna.at\/en\/wp-json\/wp\/v2\/product_cat?post=9725"},{"taxonomy":"product_tag","embeddable":true,"href":"https:\/\/beyond-dna.at\/en\/wp-json\/wp\/v2\/product_tag?post=9725"}],"curies":[{"name":"wp","href":"https:\/\/api.w.org\/{rel}","templated":true}]}}